{"id":15085,"date":"2023-08-08T11:27:06","date_gmt":"2023-08-08T09:27:06","guid":{"rendered":"https:\/\/sogorbmac.com\/tornillos-para-tacones-de-calzado\/"},"modified":"2023-10-17T16:15:45","modified_gmt":"2023-10-17T14:15:45","slug":"tornillos-para-tacones-de-calzado","status":"publish","type":"page","link":"https:\/\/sogorbmac.com\/en\/tornillos-para-tacones-de-calzado\/","title":{"rendered":"Tornillos para Tacones de Calzado"},"content":{"rendered":"\t\t<div data-elementor-type=\"wp-page\" data-elementor-id=\"15085\" class=\"elementor elementor-15085 elementor-14300\" data-elementor-post-type=\"page\">\n\t\t\t\t<div class=\"elementor-element elementor-element-5f0e119 e-flex e-con-boxed e-con e-parent\" data-id=\"5f0e119\" data-element_type=\"container\" data-e-type=\"container\" data-settings=\"{&quot;background_background&quot;:&quot;classic&quot;,&quot;jet_parallax_layout_list&quot;:[]}\">\n\t\t\t\t\t<div class=\"e-con-inner\">\n\t\t\t\t<div class=\"elementor-element elementor-element-f8cedd9 elementor-icon-list--layout-traditional elementor-list-item-link-full_width elementor-widget elementor-widget-icon-list\" data-id=\"f8cedd9\" data-element_type=\"widget\" data-e-type=\"widget\" data-widget_type=\"icon-list.default\">\n\t\t\t\t<div class=\"elementor-widget-container\">\n\t\t\t\t\t\t\t<ul class=\"elementor-icon-list-items\">\n\t\t\t\t\t\t\t<li class=\"elementor-icon-list-item\">\n\t\t\t\t\t\t\t\t\t\t\t<a href=\"https:\/\/sogorbmac.com\/components_and_articles\/\">\n\n\t\t\t\t\t\t\t\t\t\t\t\t<span class=\"elementor-icon-list-icon\">\n\t\t\t\t\t\t\t<i aria-hidden=\"true\" class=\"fas fa-long-arrow-alt-left\"><\/i>\t\t\t\t\t\t<\/span>\n\t\t\t\t\t\t\t\t\t\t<span class=\"elementor-icon-list-text\">Volver a art\u00edculos y accesorios<\/span>\n\t\t\t\t\t\t\t\t\t\t\t<\/a>\n\t\t\t\t\t\t\t\t\t<\/li>\n\t\t\t\t\t\t<\/ul>\n\t\t\t\t\t\t<\/div>\n\t\t\t\t<\/div>\n\t\t\t\t<div class=\"elementor-element elementor-element-d54750b elementor-widget elementor-widget-heading\" data-id=\"d54750b\" data-element_type=\"widget\" data-e-type=\"widget\" data-widget_type=\"heading.default\">\n\t\t\t\t<div class=\"elementor-widget-container\">\n\t\t\t\t\t<h2 class=\"elementor-heading-title elementor-size-default\">Tornillos para fijar tacones al zapato<\/h2>\t\t\t\t<\/div>\n\t\t\t\t<\/div>\n\t\t\t\t\t<\/div>\n\t\t\t\t<\/div>\n\t\t<div class=\"elementor-element elementor-element-cc43e9e e-flex e-con-boxed e-con e-parent\" data-id=\"cc43e9e\" data-element_type=\"container\" data-e-type=\"container\" data-settings=\"{&quot;jet_parallax_layout_list&quot;:[]}\">\n\t\t\t\t\t<div class=\"e-con-inner\">\n\t\t<div class=\"elementor-element elementor-element-cad06a6 e-con-full e-flex e-con e-parent\" data-id=\"cad06a6\" data-element_type=\"container\" data-e-type=\"container\" data-settings=\"{&quot;jet_parallax_layout_list&quot;:[]}\">\n\t\t\t\t<div class=\"elementor-element elementor-element-8517c50 elementor-widget elementor-widget-text-editor\" data-id=\"8517c50\" data-element_type=\"widget\" data-e-type=\"widget\" data-widget_type=\"text-editor.default\">\n\t\t\t\t<div class=\"elementor-widget-container\">\n\t\t\t\t\t\t\t\t\t<p>Los tornillos para fijar tacones suelen utilizarse cuando el calzado est\u00e1 compuesto por materiales duros r\u00edgidos (como por ejemplo las suelas gruesas de cucho u goma, o los tacones de madera), ya que los tornillos proporcionan una uni\u00f3n s\u00f3lida y estable en estos materiales. Adem\u00e1s, en las botas de monta\u00f1a o de trabajo, los tornillos aportan una mayor durabilidad y resistencia gracias a su fijaci\u00f3n permanente y duradera, gracias a que pueden llegar a ajustarse durante el proceso de fabricaci\u00f3n.<\/p>\n<p>La elecci\u00f3n de los tornillos para fijar tacones se realiza seg\u00fan la longitud de dicho tac\u00f3n, ya que debe penetrar lo suficiente en el material sin que sobresalga en el interior del calzado. Una vez que el tornillo est\u00e1 correctamente insertado, ajustado y apretado, se aplica un sellador o pegamento espec\u00edfico para calzado, de manera que se garantiza el sellado. Por \u00faltimo se revisa la estabilidad verificando que no hay movimientos no deseados.<\/p>\n\t\t\t\t\t\t\t\t<\/div>\n\t\t\t\t<\/div>\n\t\t\t\t<div class=\"elementor-element elementor-element-608d74d elementor-widget elementor-widget-heading\" data-id=\"608d74d\" data-element_type=\"widget\" data-e-type=\"widget\" data-widget_type=\"heading.default\">\n\t\t\t\t<div class=\"elementor-widget-container\">\n\t\t\t\t\t<h2 class=\"elementor-heading-title elementor-size-default\">Tornillo Tornillo Torx<\/h2>\t\t\t\t<\/div>\n\t\t\t\t<\/div>\n\t\t\t\t<div class=\"elementor-element elementor-element-82ef204 elementor-widget elementor-widget-text-editor\" data-id=\"82ef204\" data-element_type=\"widget\" data-e-type=\"widget\" data-widget_type=\"text-editor.default\">\n\t\t\t\t<div class=\"elementor-widget-container\">\n\t\t\t\t\t\t\t\t\t<p>Sogorbmac distribuye y representa el mejor tornillo para fijar el tac\u00f3n al chanclo del zapato de la industria auxiliar del calzado.<\/p>\n<p>Nuestros tornillos Torx para fijar tacones garantizan la fijaci\u00f3n perfecta del tac\u00f3n a la planta del chanclo del zapato. Tornillos que una vez atornillados permiten la correcta sujeci\u00f3n del tac\u00f3n del zapato, garantizando una fijaci\u00f3n de car\u00e1cter permanente.<\/p>\n<p>Sogorbmac dispone de varios tipos de tornillo para fijar tacones seg\u00fan las necesidades durante la fabricaci\u00f3n del calzado:<\/p>\n\t\t\t\t\t\t\t\t<\/div>\n\t\t\t\t<\/div>\n\t\t\t\t<\/div>\n\t\t<div class=\"elementor-element elementor-element-b64bfbf e-con-full e-flex e-con e-parent\" data-id=\"b64bfbf\" data-element_type=\"container\" data-e-type=\"container\" data-settings=\"{&quot;jet_parallax_layout_list&quot;:[]}\">\n\t\t\t\t<div class=\"elementor-element elementor-element-0b8749b elementor-widget elementor-widget-heading\" data-id=\"0b8749b\" data-element_type=\"widget\" data-e-type=\"widget\" data-widget_type=\"heading.default\">\n\t\t\t\t<div class=\"elementor-widget-container\">\n\t\t\t\t\t<h2 class=\"elementor-heading-title elementor-size-default\">Tornillo \u201cTorx\u201d Rosca Especial:<\/h2>\t\t\t\t<\/div>\n\t\t\t\t<\/div>\n\t\t<div class=\"elementor-element elementor-element-6b9e8b5 e-flex e-con-boxed e-con e-parent\" data-id=\"6b9e8b5\" data-element_type=\"container\" data-e-type=\"container\" data-settings=\"{&quot;jet_parallax_layout_list&quot;:[]}\">\n\t\t\t\t\t<div class=\"e-con-inner\">\n\t\t\t\t<div class=\"elementor-element elementor-element-2b9845b elementor-widget__width-initial dce_masking-none elementor-widget elementor-widget-image\" data-id=\"2b9845b\" data-element_type=\"widget\" data-e-type=\"widget\" data-widget_type=\"image.default\">\n\t\t\t\t<div class=\"elementor-widget-container\">\n\t\t\t\t\t\t\t\t\t\t\t\t\t\t\t<img decoding=\"async\" width=\"117\" height=\"86\" src=\"https:\/\/sogorbmac.com\/wp-content\/uploads\/2023\/08\/Accesorio-Calzado-Sogorbmac-Tornillo-Torx-Tacon-Zapato.gif\" class=\"attachment-large size-large wp-image-14366\" alt=\"\" \/>\t\t\t\t\t\t\t\t\t\t\t\t\t\t\t<\/div>\n\t\t\t\t<\/div>\n\t\t\t\t<div class=\"elementor-element elementor-element-cc3dfba elementor-widget elementor-widget-text-editor\" data-id=\"cc3dfba\" data-element_type=\"widget\" data-e-type=\"widget\" data-widget_type=\"text-editor.default\">\n\t\t\t\t<div class=\"elementor-widget-container\">\n\t\t\t\t\t\t\t\t\t<p>Tornillo especial para atornillar tacones para calzado,<br \/>asegurando la sujeci\u00f3n de los tacones del par de zapatos,<br \/>evitando roturas y desclaves.<\/p>\n\t\t\t\t\t\t\t\t<\/div>\n\t\t\t\t<\/div>\n\t\t\t\t\t<\/div>\n\t\t\t\t<\/div>\n\t\t<div class=\"elementor-element elementor-element-bc0d061 e-flex e-con-boxed e-con e-parent\" data-id=\"bc0d061\" data-element_type=\"container\" data-e-type=\"container\" data-settings=\"{&quot;jet_parallax_layout_list&quot;:[]}\">\n\t\t\t\t\t<div class=\"e-con-inner\">\n\t\t\t\t<div class=\"elementor-element elementor-element-e966827 elementor-widget elementor-widget-text-editor\" data-id=\"e966827\" data-element_type=\"widget\" data-e-type=\"widget\" data-widget_type=\"text-editor.default\">\n\t\t\t\t<div class=\"elementor-widget-container\">\n\t\t\t\t\t\t\t\t\t<p>Tornillo Torx para prefijar el tac\u00f3n:<\/p>\n<\/p>\n<p>Est\u00e1ndar:<\/p>\n<p>CABEZA =5,5mm PI\u00c9 d=2,8mm<br \/>Opcionales: CABEZA 7,5 \u00f3 8mm y PI\u00c9 d=3mm<br \/>Largos: 10 -12 -14 -16 -18 -20 -22 -24 -26 -28 -30mm Torx<\/p>\n\t\t\t\t\t\t\t\t<\/div>\n\t\t\t\t<\/div>\n\t\t\t\t<div class=\"elementor-element elementor-element-6b85813 elementor-widget__width-initial dce_masking-none elementor-widget elementor-widget-image\" data-id=\"6b85813\" data-element_type=\"widget\" data-e-type=\"widget\" data-widget_type=\"image.default\">\n\t\t\t\t<div class=\"elementor-widget-container\">\n\t\t\t\t\t\t\t\t\t\t\t\t\t\t\t<img fetchpriority=\"high\" decoding=\"async\" width=\"271\" height=\"202\" src=\"https:\/\/sogorbmac.com\/wp-content\/uploads\/2023\/08\/Accesorio-Calzado-Sogorbmac-Tornillo-Torx-Tacon-prefijar-Zapato.jpeg\" class=\"attachment-large size-large wp-image-14364\" alt=\"\" \/>\t\t\t\t\t\t\t\t\t\t\t\t\t\t\t<\/div>\n\t\t\t\t<\/div>\n\t\t\t\t\t<\/div>\n\t\t\t\t<\/div>\n\t\t\t\t<\/div>\n\t\t\t\t\t<\/div>\n\t\t\t\t<\/div>\n\t\t\t\t<\/div>\n\t\t","protected":false},"excerpt":{"rendered":"<p>Volver a art\u00edculos y accesorios Tornillos para fijar tacones al zapato Los tornillos para fijar tacones suelen utilizarse cuando el calzado est\u00e1 compuesto por materiales duros r\u00edgidos (como por ejemplo las suelas gruesas de cucho u goma, o los tacones de madera), ya que los tornillos proporcionan una uni\u00f3n s\u00f3lida y estable en estos materiales. [&hellip;]<\/p>\n","protected":false},"author":1,"featured_media":0,"parent":0,"menu_order":0,"comment_status":"closed","ping_status":"closed","template":"","meta":{"footnotes":""},"class_list":["post-15085","page","type-page","status-publish","hentry"],"yoast_head":"<!-- This site is optimized with the Yoast SEO plugin v27.1.1 - https:\/\/yoast.com\/product\/yoast-seo-wordpress\/ -->\n<title>Tornillos para Fijar Tacones de Calzado - Sogorbmac<\/title>\n<meta name=\"description\" content=\"Tornillos Torx para fijar tacones al zapato. Sogorbmac distribuye y representa el mejor tornillo Torx para fijar el tac\u00f3n que garantiza el agarre perfecto.\" \/>\n<meta name=\"robots\" content=\"index, follow, max-snippet:-1, max-image-preview:large, max-video-preview:-1\" \/>\n<link rel=\"canonical\" href=\"https:\/\/sogorbmac.com\/accesorios-componentes-fabricacion-calzado-marroquineria-tornillo-torx-calzado-tacones-cuna\/\" \/>\n<meta property=\"og:locale\" content=\"en_US\" \/>\n<meta property=\"og:type\" content=\"article\" \/>\n<meta property=\"og:title\" content=\"Tornillos para Fijar Tacones de Calzado - Sogorbmac\" \/>\n<meta property=\"og:description\" content=\"Tornillos Torx para fijar tacones al zapato. Sogorbmac distribuye y representa el mejor tornillo Torx para fijar el tac\u00f3n que garantiza el agarre perfecto.\" \/>\n<meta property=\"og:url\" content=\"https:\/\/sogorbmac.com\/accesorios-componentes-fabricacion-calzado-marroquineria-tornillo-torx-calzado-tacones-cuna\/\" \/>\n<meta property=\"og:site_name\" content=\"sogorbmac\" \/>\n<meta property=\"article:modified_time\" content=\"2023-10-17T14:15:45+00:00\" \/>\n<meta property=\"og:image\" content=\"https:\/\/sogorbmac.com\/wp-content\/uploads\/2023\/08\/Accesorio-Calzado-Sogorbmac-Tornillo-Torx-Tacon-Zapato.gif\" \/>\n<meta name=\"twitter:card\" content=\"summary_large_image\" \/>\n<meta name=\"twitter:label1\" content=\"Est. reading time\" \/>\n\t<meta name=\"twitter:data1\" content=\"2 minutes\" \/>\n<script type=\"application\/ld+json\" class=\"yoast-schema-graph\">{\"@context\":\"https:\/\/schema.org\",\"@graph\":[{\"@type\":\"WebPage\",\"@id\":\"https:\/\/sogorbmac.com\/accesorios-componentes-fabricacion-calzado-marroquineria-tornillo-torx-calzado-tacones-cuna\/\",\"url\":\"https:\/\/sogorbmac.com\/accesorios-componentes-fabricacion-calzado-marroquineria-tornillo-torx-calzado-tacones-cuna\/\",\"name\":\"Tornillos para Fijar Tacones de Calzado - Sogorbmac\",\"isPartOf\":{\"@id\":\"https:\/\/sogorbmac.com\/#website\"},\"primaryImageOfPage\":{\"@id\":\"https:\/\/sogorbmac.com\/accesorios-componentes-fabricacion-calzado-marroquineria-tornillo-torx-calzado-tacones-cuna\/#primaryimage\"},\"image\":{\"@id\":\"https:\/\/sogorbmac.com\/accesorios-componentes-fabricacion-calzado-marroquineria-tornillo-torx-calzado-tacones-cuna\/#primaryimage\"},\"thumbnailUrl\":\"https:\/\/sogorbmac.com\/wp-content\/uploads\/2023\/08\/Accesorio-Calzado-Sogorbmac-Tornillo-Torx-Tacon-Zapato.gif\",\"datePublished\":\"2023-08-08T09:27:06+00:00\",\"dateModified\":\"2023-10-17T14:15:45+00:00\",\"description\":\"Tornillos Torx para fijar tacones al zapato. Sogorbmac distribuye y representa el mejor tornillo Torx para fijar el tac\u00f3n que garantiza el agarre perfecto.\",\"breadcrumb\":{\"@id\":\"https:\/\/sogorbmac.com\/accesorios-componentes-fabricacion-calzado-marroquineria-tornillo-torx-calzado-tacones-cuna\/#breadcrumb\"},\"inLanguage\":\"en-US\",\"potentialAction\":[{\"@type\":\"ReadAction\",\"target\":[\"https:\/\/sogorbmac.com\/accesorios-componentes-fabricacion-calzado-marroquineria-tornillo-torx-calzado-tacones-cuna\/\"]}]},{\"@type\":\"ImageObject\",\"inLanguage\":\"en-US\",\"@id\":\"https:\/\/sogorbmac.com\/accesorios-componentes-fabricacion-calzado-marroquineria-tornillo-torx-calzado-tacones-cuna\/#primaryimage\",\"url\":\"https:\/\/sogorbmac.com\/wp-content\/uploads\/2023\/08\/Accesorio-Calzado-Sogorbmac-Tornillo-Torx-Tacon-Zapato.gif\",\"contentUrl\":\"https:\/\/sogorbmac.com\/wp-content\/uploads\/2023\/08\/Accesorio-Calzado-Sogorbmac-Tornillo-Torx-Tacon-Zapato.gif\"},{\"@type\":\"BreadcrumbList\",\"@id\":\"https:\/\/sogorbmac.com\/accesorios-componentes-fabricacion-calzado-marroquineria-tornillo-torx-calzado-tacones-cuna\/#breadcrumb\",\"itemListElement\":[{\"@type\":\"ListItem\",\"position\":1,\"name\":\"Portada\",\"item\":\"https:\/\/sogorbmac.com\/en\/\"},{\"@type\":\"ListItem\",\"position\":2,\"name\":\"Tornillos para Tacones de Calzado\"}]},{\"@type\":\"WebSite\",\"@id\":\"https:\/\/sogorbmac.com\/#website\",\"url\":\"https:\/\/sogorbmac.com\/\",\"name\":\"sogorbmac\",\"description\":\"\",\"publisher\":{\"@id\":\"https:\/\/sogorbmac.com\/#organization\"},\"potentialAction\":[{\"@type\":\"SearchAction\",\"target\":{\"@type\":\"EntryPoint\",\"urlTemplate\":\"https:\/\/sogorbmac.com\/?s={search_term_string}\"},\"query-input\":{\"@type\":\"PropertyValueSpecification\",\"valueRequired\":true,\"valueName\":\"search_term_string\"}}],\"inLanguage\":\"en-US\"},{\"@type\":\"Organization\",\"@id\":\"https:\/\/sogorbmac.com\/#organization\",\"name\":\"sogorbmac\",\"url\":\"https:\/\/sogorbmac.com\/\",\"logo\":{\"@type\":\"ImageObject\",\"inLanguage\":\"en-US\",\"@id\":\"https:\/\/sogorbmac.com\/#\/schema\/logo\/image\/\",\"url\":\"https:\/\/sogorbmac.com\/wp-content\/uploads\/2023\/06\/logo-sogorbmac.webp\",\"contentUrl\":\"https:\/\/sogorbmac.com\/wp-content\/uploads\/2023\/06\/logo-sogorbmac.webp\",\"width\":440,\"height\":175,\"caption\":\"sogorbmac\"},\"image\":{\"@id\":\"https:\/\/sogorbmac.com\/#\/schema\/logo\/image\/\"}}]}<\/script>\n<!-- \/ Yoast SEO plugin. -->","yoast_head_json":{"title":"Tornillos para Fijar Tacones de Calzado - Sogorbmac","description":"Tornillos Torx para fijar tacones al zapato. Sogorbmac distribuye y representa el mejor tornillo Torx para fijar el tac\u00f3n que garantiza el agarre perfecto.","robots":{"index":"index","follow":"follow","max-snippet":"max-snippet:-1","max-image-preview":"max-image-preview:large","max-video-preview":"max-video-preview:-1"},"canonical":"https:\/\/sogorbmac.com\/accesorios-componentes-fabricacion-calzado-marroquineria-tornillo-torx-calzado-tacones-cuna\/","og_locale":"en_US","og_type":"article","og_title":"Tornillos para Fijar Tacones de Calzado - Sogorbmac","og_description":"Tornillos Torx para fijar tacones al zapato. Sogorbmac distribuye y representa el mejor tornillo Torx para fijar el tac\u00f3n que garantiza el agarre perfecto.","og_url":"https:\/\/sogorbmac.com\/accesorios-componentes-fabricacion-calzado-marroquineria-tornillo-torx-calzado-tacones-cuna\/","og_site_name":"sogorbmac","article_modified_time":"2023-10-17T14:15:45+00:00","og_image":[{"url":"https:\/\/sogorbmac.com\/wp-content\/uploads\/2023\/08\/Accesorio-Calzado-Sogorbmac-Tornillo-Torx-Tacon-Zapato.gif","type":"","width":"","height":""}],"twitter_card":"summary_large_image","twitter_misc":{"Est. reading time":"2 minutes"},"schema":{"@context":"https:\/\/schema.org","@graph":[{"@type":"WebPage","@id":"https:\/\/sogorbmac.com\/accesorios-componentes-fabricacion-calzado-marroquineria-tornillo-torx-calzado-tacones-cuna\/","url":"https:\/\/sogorbmac.com\/accesorios-componentes-fabricacion-calzado-marroquineria-tornillo-torx-calzado-tacones-cuna\/","name":"Tornillos para Fijar Tacones de Calzado - Sogorbmac","isPartOf":{"@id":"https:\/\/sogorbmac.com\/#website"},"primaryImageOfPage":{"@id":"https:\/\/sogorbmac.com\/accesorios-componentes-fabricacion-calzado-marroquineria-tornillo-torx-calzado-tacones-cuna\/#primaryimage"},"image":{"@id":"https:\/\/sogorbmac.com\/accesorios-componentes-fabricacion-calzado-marroquineria-tornillo-torx-calzado-tacones-cuna\/#primaryimage"},"thumbnailUrl":"https:\/\/sogorbmac.com\/wp-content\/uploads\/2023\/08\/Accesorio-Calzado-Sogorbmac-Tornillo-Torx-Tacon-Zapato.gif","datePublished":"2023-08-08T09:27:06+00:00","dateModified":"2023-10-17T14:15:45+00:00","description":"Tornillos Torx para fijar tacones al zapato. Sogorbmac distribuye y representa el mejor tornillo Torx para fijar el tac\u00f3n que garantiza el agarre perfecto.","breadcrumb":{"@id":"https:\/\/sogorbmac.com\/accesorios-componentes-fabricacion-calzado-marroquineria-tornillo-torx-calzado-tacones-cuna\/#breadcrumb"},"inLanguage":"en-US","potentialAction":[{"@type":"ReadAction","target":["https:\/\/sogorbmac.com\/accesorios-componentes-fabricacion-calzado-marroquineria-tornillo-torx-calzado-tacones-cuna\/"]}]},{"@type":"ImageObject","inLanguage":"en-US","@id":"https:\/\/sogorbmac.com\/accesorios-componentes-fabricacion-calzado-marroquineria-tornillo-torx-calzado-tacones-cuna\/#primaryimage","url":"https:\/\/sogorbmac.com\/wp-content\/uploads\/2023\/08\/Accesorio-Calzado-Sogorbmac-Tornillo-Torx-Tacon-Zapato.gif","contentUrl":"https:\/\/sogorbmac.com\/wp-content\/uploads\/2023\/08\/Accesorio-Calzado-Sogorbmac-Tornillo-Torx-Tacon-Zapato.gif"},{"@type":"BreadcrumbList","@id":"https:\/\/sogorbmac.com\/accesorios-componentes-fabricacion-calzado-marroquineria-tornillo-torx-calzado-tacones-cuna\/#breadcrumb","itemListElement":[{"@type":"ListItem","position":1,"name":"Portada","item":"https:\/\/sogorbmac.com\/en\/"},{"@type":"ListItem","position":2,"name":"Tornillos para Tacones de Calzado"}]},{"@type":"WebSite","@id":"https:\/\/sogorbmac.com\/#website","url":"https:\/\/sogorbmac.com\/","name":"sogorbmac","description":"","publisher":{"@id":"https:\/\/sogorbmac.com\/#organization"},"potentialAction":[{"@type":"SearchAction","target":{"@type":"EntryPoint","urlTemplate":"https:\/\/sogorbmac.com\/?s={search_term_string}"},"query-input":{"@type":"PropertyValueSpecification","valueRequired":true,"valueName":"search_term_string"}}],"inLanguage":"en-US"},{"@type":"Organization","@id":"https:\/\/sogorbmac.com\/#organization","name":"sogorbmac","url":"https:\/\/sogorbmac.com\/","logo":{"@type":"ImageObject","inLanguage":"en-US","@id":"https:\/\/sogorbmac.com\/#\/schema\/logo\/image\/","url":"https:\/\/sogorbmac.com\/wp-content\/uploads\/2023\/06\/logo-sogorbmac.webp","contentUrl":"https:\/\/sogorbmac.com\/wp-content\/uploads\/2023\/06\/logo-sogorbmac.webp","width":440,"height":175,"caption":"sogorbmac"},"image":{"@id":"https:\/\/sogorbmac.com\/#\/schema\/logo\/image\/"}}]}},"_links":{"self":[{"href":"https:\/\/sogorbmac.com\/en\/wp-json\/wp\/v2\/pages\/15085","targetHints":{"allow":["GET"]}}],"collection":[{"href":"https:\/\/sogorbmac.com\/en\/wp-json\/wp\/v2\/pages"}],"about":[{"href":"https:\/\/sogorbmac.com\/en\/wp-json\/wp\/v2\/types\/page"}],"author":[{"embeddable":true,"href":"https:\/\/sogorbmac.com\/en\/wp-json\/wp\/v2\/users\/1"}],"replies":[{"embeddable":true,"href":"https:\/\/sogorbmac.com\/en\/wp-json\/wp\/v2\/comments?post=15085"}],"version-history":[{"count":1,"href":"https:\/\/sogorbmac.com\/en\/wp-json\/wp\/v2\/pages\/15085\/revisions"}],"predecessor-version":[{"id":15086,"href":"https:\/\/sogorbmac.com\/en\/wp-json\/wp\/v2\/pages\/15085\/revisions\/15086"}],"wp:attachment":[{"href":"https:\/\/sogorbmac.com\/en\/wp-json\/wp\/v2\/media?parent=15085"}],"curies":[{"name":"wp","href":"https:\/\/api.w.org\/{rel}","templated":true}]}}