{"id":15079,"date":"2023-08-07T13:02:55","date_gmt":"2023-08-07T11:02:55","guid":{"rendered":"https:\/\/sogorbmac.com\/servicio-tecnico-de-asistencia-en-maquinaria-para-calzado\/"},"modified":"2023-11-03T12:08:00","modified_gmt":"2023-11-03T11:08:00","slug":"servicio-tecnico-de-asistencia-en-maquinaria-para-calzado","status":"publish","type":"page","link":"https:\/\/sogorbmac.com\/en\/servicio-tecnico-de-asistencia-en-maquinaria-para-calzado\/","title":{"rendered":"Servicio Tecnico de Asistencia en Maquinaria para Calzado"},"content":{"rendered":"\t\t<div data-elementor-type=\"wp-page\" data-elementor-id=\"15079\" class=\"elementor elementor-15079 elementor-14220\" data-elementor-post-type=\"page\">\n\t\t\t\t<div data-dce-background-image-url=\"https:\/\/sogorbmac.com\/wp-content\/uploads\/2023\/08\/obrero-casa-tienda-casco-naranja-scaled.jpg\" class=\"elementor-element elementor-element-2f04151 e-flex e-con-boxed e-con e-parent\" data-id=\"2f04151\" data-element_type=\"container\" data-e-type=\"container\" data-settings=\"{&quot;background_background&quot;:&quot;classic&quot;,&quot;jet_parallax_layout_list&quot;:[]}\">\n\t\t\t\t\t<div class=\"e-con-inner\">\n\t\t\t\t<div class=\"elementor-element elementor-element-d22ae59 elementor-widget elementor-widget-heading\" data-id=\"d22ae59\" data-element_type=\"widget\" data-e-type=\"widget\" data-widget_type=\"heading.default\">\n\t\t\t\t<div class=\"elementor-widget-container\">\n\t\t\t\t\t<h2 class=\"elementor-heading-title elementor-size-default\">Servicio T\u00e9cnico de Reparaci\u00f3n de Maquinaria para Calzado<\/h2>\t\t\t\t<\/div>\n\t\t\t\t<\/div>\n\t\t\t\t\t<\/div>\n\t\t\t\t<\/div>\n\t\t<div class=\"elementor-element elementor-element-bf170ba e-flex e-con-boxed e-con e-parent\" data-id=\"bf170ba\" data-element_type=\"container\" data-e-type=\"container\" data-settings=\"{&quot;jet_parallax_layout_list&quot;:[]}\">\n\t\t\t\t\t<div class=\"e-con-inner\">\n\t\t\t\t<div class=\"elementor-element elementor-element-a2e8c4a elementor-widget elementor-widget-text-editor\" data-id=\"a2e8c4a\" data-element_type=\"widget\" data-e-type=\"widget\" data-widget_type=\"text-editor.default\">\n\t\t\t\t<div class=\"elementor-widget-container\">\n\t\t\t\t\t\t\t\t\t<p>Tanto en lo referente a la maquinaria para calzado como en cualquier otro producto que fabricamos o comercializamos, nuestro compromiso no termina en el momento de la venta. Poseemos un servicio t\u00e9cnico de reparaci\u00f3n de maquinaria para calzado compuesto por un amplio equipo de t\u00e9cnicos especializados que le atender\u00e1n realizando seguimiento, revisiones, mantenimiento, servicio t\u00e9cnico, asistencia y un asesoramiento adecuado.<\/p>\n<p>Adem\u00e1s del servicio t\u00e9cnico que <strong>Sogorbmac, S.L.<\/strong> ofrece a sus clientes, tambi\u00e9n contamos con un servicio de comercializaci\u00f3n de recambios para diversos tipos de m\u00e1quinas para la fabricaci\u00f3n de calzado.<\/p>\n<p>Disponemos de un amplio stock, y conseguimos en un m\u00e1ximo de 24 horas recambios originales de las principales marcas internacionales como <strong>CERIM, ORMAC, BRUSTIA, RECES, MOLINA BIANCHI, NORBA, VIFAMA, OLIMPIC, USM, SELMAR, SAREMA, SIGMA, ELVI, IRON FOX, BESSER, OBE, STEMA, ELECTROTECNICA B.C. FORTUNA, CAMOGA, ATOM, SAGITTA, ELITRON, COMELZ,<\/strong> \u2026 entre otras marcas.<\/p>\n<p>Si no tenemos lo que usted necesita, Sogorbmac puede fabricarlo en un breve periodo de tiempo, siempre que dispongamos de una muestra o del plano de construcci\u00f3n de la misma. Estamos enfocados en ofrecer el mejor servicio t\u00e9cnico para la reparaci\u00f3n de maquinaria para calzado.<\/p>\n<p>Si usted est\u00e1 interesado en alguno de estos productos, solo tiene que contactar con nosotros via e-mail, en castellano o en ingl\u00e9s, al correo: <strong>info@sogorbmac.com<\/strong> y pedirnos presupuesto sin compromiso. Podemos enviar sus recambios a cualquier parte del mundo.<\/p>\n\t\t\t\t\t\t\t\t<\/div>\n\t\t\t\t<\/div>\n\t\t\t\t\t<\/div>\n\t\t\t\t<\/div>\n\t\t<div data-dce-background-image-url=\"https:\/\/sogorbmac.com\/wp-content\/uploads\/2023\/08\/maquinaria-para-calzado-compresores-servivio-tecnico-asistencia-roberto-dinamita-en-accion_com_sogorbmac.jpeg\" class=\"elementor-element elementor-element-3833fcd e-flex e-con-boxed e-con e-parent\" data-id=\"3833fcd\" data-element_type=\"container\" data-e-type=\"container\" data-settings=\"{&quot;background_background&quot;:&quot;classic&quot;,&quot;jet_parallax_layout_list&quot;:[]}\">\n\t\t\t\t\t<div class=\"e-con-inner\">\n\t\t<div class=\"elementor-element elementor-element-dd48a7c e-con-full elementor-hidden-tablet elementor-hidden-mobile e-flex e-con e-child\" data-id=\"dd48a7c\" data-element_type=\"container\" data-e-type=\"container\" data-settings=\"{&quot;jet_parallax_layout_list&quot;:[]}\">\n\t\t\t\t<\/div>\n\t\t<div class=\"elementor-element elementor-element-d1c77c6 e-con-full e-flex e-con e-child\" data-id=\"d1c77c6\" data-element_type=\"container\" data-e-type=\"container\" data-settings=\"{&quot;jet_parallax_layout_list&quot;:[]}\">\n\t\t\t\t<div class=\"elementor-element elementor-element-e3460e6 elementor-widget elementor-widget-heading\" data-id=\"e3460e6\" data-element_type=\"widget\" data-e-type=\"widget\" data-widget_type=\"heading.default\">\n\t\t\t\t<div class=\"elementor-widget-container\">\n\t\t\t\t\t<h1 class=\"elementor-heading-title elementor-size-default\">Reconstrucci\u00f3n y Rehabilitaci\u00f3n de Maquinaria para Calzado<\/h1>\t\t\t\t<\/div>\n\t\t\t\t<\/div>\n\t\t\t\t<div class=\"elementor-element elementor-element-1555570 elementor-widget elementor-widget-text-editor\" data-id=\"1555570\" data-element_type=\"widget\" data-e-type=\"widget\" data-widget_type=\"text-editor.default\">\n\t\t\t\t<div class=\"elementor-widget-container\">\n\t\t\t\t\t\t\t\t\t<p>Otro de los servicios que <strong>Sogorbmac, S.L.<\/strong> ofrece a sus clientes, es la rehabilitaci\u00f3n de su maquinaria para calzado y marroquiner\u00eda. En el mercado actual de la maquinaria para calzado, cada vez es m\u00e1s dif\u00edcil encontrar una buena m\u00e1quina a un precio razonable, de ah\u00ed la importancia de contar con un servicio t\u00e9cnico experto en reparaci\u00f3n de maquinaria para calzado y marroquiner\u00eda.<\/p>\n<p>Actualmente, o la inversi\u00f3n ha de ser de un elevado coste, u optar por m\u00e1quinas de precio asequible y reducida calidad. En Sogorbmac, S.L, incluso contamos con nuestro propio taller para la fabricaci\u00f3n y reparaci\u00f3n de piezas espec\u00edficas para su maquinaria de calzado usada.<\/p>\n<p>Nosotros le ofrecemos una opci\u00f3n al problema de encontrar el recambio de su antigua m\u00e1quina para fabricar calzado: Reconstrucci\u00f3n de su m\u00e1quina vieja o convertirla con los \u00faltimos avances tanto en tecnolog\u00eda como en seguridad.<\/p>\n\t\t\t\t\t\t\t\t<\/div>\n\t\t\t\t<\/div>\n\t\t\t\t<\/div>\n\t\t\t\t\t<\/div>\n\t\t\t\t<\/div>\n\t\t\t\t<\/div>\n\t\t","protected":false},"excerpt":{"rendered":"<p>Servicio T\u00e9cnico de Reparaci\u00f3n de Maquinaria para Calzado Tanto en lo referente a la maquinaria para calzado como en cualquier otro producto que fabricamos o comercializamos, nuestro compromiso no termina en el momento de la venta. Poseemos un servicio t\u00e9cnico de reparaci\u00f3n de maquinaria para calzado compuesto por un amplio equipo de t\u00e9cnicos especializados que [&hellip;]<\/p>\n","protected":false},"author":1,"featured_media":0,"parent":0,"menu_order":0,"comment_status":"closed","ping_status":"closed","template":"","meta":{"footnotes":""},"class_list":["post-15079","page","type-page","status-publish","hentry"],"yoast_head":"<!-- This site is optimized with the Yoast SEO plugin v27.1.1 - https:\/\/yoast.com\/product\/yoast-seo-wordpress\/ -->\n<title>Servicio T\u00e9cnico de Reparaci\u00f3n de Maquinaria para Calzado - Sogorbmac<\/title>\n<meta name=\"description\" content=\"Art\u00edculos y accesorios: en nuestros almacenes encontrar\u00e1 todos los art\u00edculos necesarios para la fabricaci\u00f3n de calzado\" \/>\n<meta name=\"robots\" content=\"index, follow, max-snippet:-1, max-image-preview:large, max-video-preview:-1\" \/>\n<link rel=\"canonical\" href=\"https:\/\/sogorbmac.com\/servicios-maquinaria-para-calzado-servicio-tecnico-reparacion-maquinaria-calzado-elda-elche-alicante\/\" \/>\n<meta property=\"og:locale\" content=\"en_US\" \/>\n<meta property=\"og:type\" content=\"article\" \/>\n<meta property=\"og:title\" content=\"Servicio T\u00e9cnico de Reparaci\u00f3n de Maquinaria para Calzado - Sogorbmac\" \/>\n<meta property=\"og:description\" content=\"Art\u00edculos y accesorios: en nuestros almacenes encontrar\u00e1 todos los art\u00edculos necesarios para la fabricaci\u00f3n de calzado\" \/>\n<meta property=\"og:url\" content=\"https:\/\/sogorbmac.com\/servicios-maquinaria-para-calzado-servicio-tecnico-reparacion-maquinaria-calzado-elda-elche-alicante\/\" \/>\n<meta property=\"og:site_name\" content=\"sogorbmac\" \/>\n<meta property=\"article:modified_time\" content=\"2023-11-03T11:08:00+00:00\" \/>\n<meta name=\"twitter:card\" content=\"summary_large_image\" \/>\n<meta name=\"twitter:label1\" content=\"Est. reading time\" \/>\n\t<meta name=\"twitter:data1\" content=\"2 minutes\" \/>\n<script type=\"application\/ld+json\" class=\"yoast-schema-graph\">{\"@context\":\"https:\/\/schema.org\",\"@graph\":[{\"@type\":\"WebPage\",\"@id\":\"https:\/\/sogorbmac.com\/servicios-maquinaria-para-calzado-servicio-tecnico-reparacion-maquinaria-calzado-elda-elche-alicante\/\",\"url\":\"https:\/\/sogorbmac.com\/servicios-maquinaria-para-calzado-servicio-tecnico-reparacion-maquinaria-calzado-elda-elche-alicante\/\",\"name\":\"Servicio T\u00e9cnico de Reparaci\u00f3n de Maquinaria para Calzado - Sogorbmac\",\"isPartOf\":{\"@id\":\"https:\/\/sogorbmac.com\/#website\"},\"datePublished\":\"2023-08-07T11:02:55+00:00\",\"dateModified\":\"2023-11-03T11:08:00+00:00\",\"description\":\"Art\u00edculos y accesorios: en nuestros almacenes encontrar\u00e1 todos los art\u00edculos necesarios para la fabricaci\u00f3n de calzado\",\"breadcrumb\":{\"@id\":\"https:\/\/sogorbmac.com\/servicios-maquinaria-para-calzado-servicio-tecnico-reparacion-maquinaria-calzado-elda-elche-alicante\/#breadcrumb\"},\"inLanguage\":\"en-US\",\"potentialAction\":[{\"@type\":\"ReadAction\",\"target\":[\"https:\/\/sogorbmac.com\/servicios-maquinaria-para-calzado-servicio-tecnico-reparacion-maquinaria-calzado-elda-elche-alicante\/\"]}]},{\"@type\":\"BreadcrumbList\",\"@id\":\"https:\/\/sogorbmac.com\/servicios-maquinaria-para-calzado-servicio-tecnico-reparacion-maquinaria-calzado-elda-elche-alicante\/#breadcrumb\",\"itemListElement\":[{\"@type\":\"ListItem\",\"position\":1,\"name\":\"Portada\",\"item\":\"https:\/\/sogorbmac.com\/en\/\"},{\"@type\":\"ListItem\",\"position\":2,\"name\":\"Servicio Tecnico de Asistencia en Maquinaria para Calzado\"}]},{\"@type\":\"WebSite\",\"@id\":\"https:\/\/sogorbmac.com\/#website\",\"url\":\"https:\/\/sogorbmac.com\/\",\"name\":\"sogorbmac\",\"description\":\"\",\"publisher\":{\"@id\":\"https:\/\/sogorbmac.com\/#organization\"},\"potentialAction\":[{\"@type\":\"SearchAction\",\"target\":{\"@type\":\"EntryPoint\",\"urlTemplate\":\"https:\/\/sogorbmac.com\/?s={search_term_string}\"},\"query-input\":{\"@type\":\"PropertyValueSpecification\",\"valueRequired\":true,\"valueName\":\"search_term_string\"}}],\"inLanguage\":\"en-US\"},{\"@type\":\"Organization\",\"@id\":\"https:\/\/sogorbmac.com\/#organization\",\"name\":\"sogorbmac\",\"url\":\"https:\/\/sogorbmac.com\/\",\"logo\":{\"@type\":\"ImageObject\",\"inLanguage\":\"en-US\",\"@id\":\"https:\/\/sogorbmac.com\/#\/schema\/logo\/image\/\",\"url\":\"https:\/\/sogorbmac.com\/wp-content\/uploads\/2023\/06\/logo-sogorbmac.webp\",\"contentUrl\":\"https:\/\/sogorbmac.com\/wp-content\/uploads\/2023\/06\/logo-sogorbmac.webp\",\"width\":440,\"height\":175,\"caption\":\"sogorbmac\"},\"image\":{\"@id\":\"https:\/\/sogorbmac.com\/#\/schema\/logo\/image\/\"}}]}<\/script>\n<!-- \/ Yoast SEO plugin. -->","yoast_head_json":{"title":"Servicio T\u00e9cnico de Reparaci\u00f3n de Maquinaria para Calzado - Sogorbmac","description":"Art\u00edculos y accesorios: en nuestros almacenes encontrar\u00e1 todos los art\u00edculos necesarios para la fabricaci\u00f3n de calzado","robots":{"index":"index","follow":"follow","max-snippet":"max-snippet:-1","max-image-preview":"max-image-preview:large","max-video-preview":"max-video-preview:-1"},"canonical":"https:\/\/sogorbmac.com\/servicios-maquinaria-para-calzado-servicio-tecnico-reparacion-maquinaria-calzado-elda-elche-alicante\/","og_locale":"en_US","og_type":"article","og_title":"Servicio T\u00e9cnico de Reparaci\u00f3n de Maquinaria para Calzado - Sogorbmac","og_description":"Art\u00edculos y accesorios: en nuestros almacenes encontrar\u00e1 todos los art\u00edculos necesarios para la fabricaci\u00f3n de calzado","og_url":"https:\/\/sogorbmac.com\/servicios-maquinaria-para-calzado-servicio-tecnico-reparacion-maquinaria-calzado-elda-elche-alicante\/","og_site_name":"sogorbmac","article_modified_time":"2023-11-03T11:08:00+00:00","twitter_card":"summary_large_image","twitter_misc":{"Est. reading time":"2 minutes"},"schema":{"@context":"https:\/\/schema.org","@graph":[{"@type":"WebPage","@id":"https:\/\/sogorbmac.com\/servicios-maquinaria-para-calzado-servicio-tecnico-reparacion-maquinaria-calzado-elda-elche-alicante\/","url":"https:\/\/sogorbmac.com\/servicios-maquinaria-para-calzado-servicio-tecnico-reparacion-maquinaria-calzado-elda-elche-alicante\/","name":"Servicio T\u00e9cnico de Reparaci\u00f3n de Maquinaria para Calzado - Sogorbmac","isPartOf":{"@id":"https:\/\/sogorbmac.com\/#website"},"datePublished":"2023-08-07T11:02:55+00:00","dateModified":"2023-11-03T11:08:00+00:00","description":"Art\u00edculos y accesorios: en nuestros almacenes encontrar\u00e1 todos los art\u00edculos necesarios para la fabricaci\u00f3n de calzado","breadcrumb":{"@id":"https:\/\/sogorbmac.com\/servicios-maquinaria-para-calzado-servicio-tecnico-reparacion-maquinaria-calzado-elda-elche-alicante\/#breadcrumb"},"inLanguage":"en-US","potentialAction":[{"@type":"ReadAction","target":["https:\/\/sogorbmac.com\/servicios-maquinaria-para-calzado-servicio-tecnico-reparacion-maquinaria-calzado-elda-elche-alicante\/"]}]},{"@type":"BreadcrumbList","@id":"https:\/\/sogorbmac.com\/servicios-maquinaria-para-calzado-servicio-tecnico-reparacion-maquinaria-calzado-elda-elche-alicante\/#breadcrumb","itemListElement":[{"@type":"ListItem","position":1,"name":"Portada","item":"https:\/\/sogorbmac.com\/en\/"},{"@type":"ListItem","position":2,"name":"Servicio Tecnico de Asistencia en Maquinaria para Calzado"}]},{"@type":"WebSite","@id":"https:\/\/sogorbmac.com\/#website","url":"https:\/\/sogorbmac.com\/","name":"sogorbmac","description":"","publisher":{"@id":"https:\/\/sogorbmac.com\/#organization"},"potentialAction":[{"@type":"SearchAction","target":{"@type":"EntryPoint","urlTemplate":"https:\/\/sogorbmac.com\/?s={search_term_string}"},"query-input":{"@type":"PropertyValueSpecification","valueRequired":true,"valueName":"search_term_string"}}],"inLanguage":"en-US"},{"@type":"Organization","@id":"https:\/\/sogorbmac.com\/#organization","name":"sogorbmac","url":"https:\/\/sogorbmac.com\/","logo":{"@type":"ImageObject","inLanguage":"en-US","@id":"https:\/\/sogorbmac.com\/#\/schema\/logo\/image\/","url":"https:\/\/sogorbmac.com\/wp-content\/uploads\/2023\/06\/logo-sogorbmac.webp","contentUrl":"https:\/\/sogorbmac.com\/wp-content\/uploads\/2023\/06\/logo-sogorbmac.webp","width":440,"height":175,"caption":"sogorbmac"},"image":{"@id":"https:\/\/sogorbmac.com\/#\/schema\/logo\/image\/"}}]}},"_links":{"self":[{"href":"https:\/\/sogorbmac.com\/en\/wp-json\/wp\/v2\/pages\/15079","targetHints":{"allow":["GET"]}}],"collection":[{"href":"https:\/\/sogorbmac.com\/en\/wp-json\/wp\/v2\/pages"}],"about":[{"href":"https:\/\/sogorbmac.com\/en\/wp-json\/wp\/v2\/types\/page"}],"author":[{"embeddable":true,"href":"https:\/\/sogorbmac.com\/en\/wp-json\/wp\/v2\/users\/1"}],"replies":[{"embeddable":true,"href":"https:\/\/sogorbmac.com\/en\/wp-json\/wp\/v2\/comments?post=15079"}],"version-history":[{"count":8,"href":"https:\/\/sogorbmac.com\/en\/wp-json\/wp\/v2\/pages\/15079\/revisions"}],"predecessor-version":[{"id":16132,"href":"https:\/\/sogorbmac.com\/en\/wp-json\/wp\/v2\/pages\/15079\/revisions\/16132"}],"wp:attachment":[{"href":"https:\/\/sogorbmac.com\/en\/wp-json\/wp\/v2\/media?parent=15079"}],"curies":[{"name":"wp","href":"https:\/\/api.w.org\/{rel}","templated":true}]}}