{"id":15077,"date":"2023-08-07T13:05:11","date_gmt":"2023-08-07T11:05:11","guid":{"rendered":"https:\/\/sogorbmac.com\/servicio-post-venta-en-maquinaria-para-calzado\/"},"modified":"2023-11-03T12:11:17","modified_gmt":"2023-11-03T11:11:17","slug":"servicio-post-venta-en-maquinaria-para-calzado","status":"publish","type":"page","link":"https:\/\/sogorbmac.com\/en\/servicio-post-venta-en-maquinaria-para-calzado\/","title":{"rendered":"Servicio Post-Venta en Maquinaria para Calzado"},"content":{"rendered":"\t\t<div data-elementor-type=\"wp-page\" data-elementor-id=\"15077\" class=\"elementor elementor-15077 elementor-14224\" data-elementor-post-type=\"page\">\n\t\t\t\t<div data-dce-background-image-url=\"https:\/\/sogorbmac.com\/wp-content\/uploads\/2023\/08\/hombre-tecnico-electrico-que-trabaja-cuadro-distribucion-fusibles-usa-tableta-scaled.jpg\" class=\"elementor-element elementor-element-d21164a e-flex e-con-boxed e-con e-parent\" data-id=\"d21164a\" data-element_type=\"container\" data-e-type=\"container\" data-settings=\"{&quot;background_background&quot;:&quot;classic&quot;,&quot;jet_parallax_layout_list&quot;:[]}\">\n\t\t\t\t\t<div class=\"e-con-inner\">\n\t\t\t\t<div data-dce-title-color=\"#FFFFFF\" class=\"elementor-element elementor-element-a358221 elementor-widget elementor-widget-heading\" data-id=\"a358221\" data-element_type=\"widget\" data-e-type=\"widget\" data-widget_type=\"heading.default\">\n\t\t\t\t<div class=\"elementor-widget-container\">\n\t\t\t\t\t<h2 class=\"elementor-heading-title elementor-size-default\">Servicio Post-Venta en Maquinaria para Calzado<\/h2>\t\t\t\t<\/div>\n\t\t\t\t<\/div>\n\t\t\t\t\t<\/div>\n\t\t\t\t<\/div>\n\t\t<div class=\"elementor-element elementor-element-e41ee4e e-flex e-con-boxed e-con e-parent\" data-id=\"e41ee4e\" data-element_type=\"container\" data-e-type=\"container\" data-settings=\"{&quot;jet_parallax_layout_list&quot;:[]}\">\n\t\t\t\t\t<div class=\"e-con-inner\">\n\t\t\t\t<div class=\"elementor-element elementor-element-d4bc49c elementor-widget elementor-widget-text-editor\" data-id=\"d4bc49c\" data-element_type=\"widget\" data-e-type=\"widget\" data-widget_type=\"text-editor.default\">\n\t\t\t\t<div class=\"elementor-widget-container\">\n\t\t\t\t\t\t\t\t\t<p>Todas las m\u00e1quinas para la fabricaci\u00f3n de calzado, sean de nuestra marca como de las marcas que representamos, requieren de un mantenimiento para su buen y correcto funcionamiento.<\/p>\n<p>Es necesario realizarlo para evitar importantes aver\u00edas posteriores de alto coste. Si lo desea, podemos personalizar un servicio de mantenimiento para cada una de sus m\u00e1quinas para la fabricaci\u00f3n de calzado y marroquiner\u00eda y cuidarnos de avisarles cuando se tenga que realizar.<\/p>\n<p>En dicha revisi\u00f3n, realizaremos un exhaustivo diagn\u00f3stico de su m\u00e1quina, verificando todos sus puntos vitales y solucionando las aver\u00edas antes de que le provoquen un paro en su producci\u00f3n.<\/p>\n<p>S\u00f3lo con desmontar las protecciones, limpiar todas las partes internas de la m\u00e1quina y verificar todos los puntos de engrase, una vez al a\u00f1o, usted tendr\u00e1 su m\u00e1quina funcionando a pleno rendimiento durante mucho tiempo. Realizando este mantenimiento preventivo favorecemos a que su maquinaria consiga un rendimiento superior en el tiempo.<\/p>\t\t\t\t\t\t\t\t<\/div>\n\t\t\t\t<\/div>\n\t\t\t\t\t<\/div>\n\t\t\t\t<\/div>\n\t\t\t\t<\/div>\n\t\t","protected":false},"excerpt":{"rendered":"<p>Todas las m\u00e1quinas para la fabricaci\u00f3n de calzado, sean de nuestra marca como de las marcas que representamos, requieren de un mantenimiento para su buen y correcto funcionamiento. Es necesario realizarlo para evitar importantes aver\u00edas posteriores de alto coste. Si lo desea, podemos personalizar un servicio de mantenimiento para cada una de sus m\u00e1quinas para [&hellip;]<\/p>\n","protected":false},"author":1,"featured_media":0,"parent":0,"menu_order":0,"comment_status":"closed","ping_status":"closed","template":"","meta":{"footnotes":""},"class_list":["post-15077","page","type-page","status-publish","hentry"],"yoast_head":"<!-- This site is optimized with the Yoast SEO plugin v27.1.1 - https:\/\/yoast.com\/product\/yoast-seo-wordpress\/ -->\n<title>Servicio Post-Venta en Maquinaria para Calzado - sogorbmac<\/title>\n<meta name=\"robots\" content=\"index, follow, max-snippet:-1, max-image-preview:large, max-video-preview:-1\" \/>\n<link rel=\"canonical\" href=\"https:\/\/sogorbmac.com\/servicios-maquinaria-para-calzado-servicio-post-venta-maquinaria-calzado-elda-elche-alicante\/\" \/>\n<meta property=\"og:locale\" content=\"en_US\" \/>\n<meta property=\"og:type\" content=\"article\" \/>\n<meta property=\"og:title\" content=\"Servicio Post-Venta en Maquinaria para Calzado - sogorbmac\" \/>\n<meta property=\"og:description\" content=\"Todas las m\u00e1quinas para la fabricaci\u00f3n de calzado, sean de nuestra marca como de las marcas que representamos, requieren de un mantenimiento para su buen y correcto funcionamiento. Es necesario realizarlo para evitar importantes aver\u00edas posteriores de alto coste. Si lo desea, podemos personalizar un servicio de mantenimiento para cada una de sus m\u00e1quinas para [&hellip;]\" \/>\n<meta property=\"og:url\" content=\"https:\/\/sogorbmac.com\/servicios-maquinaria-para-calzado-servicio-post-venta-maquinaria-calzado-elda-elche-alicante\/\" \/>\n<meta property=\"og:site_name\" content=\"sogorbmac\" \/>\n<meta property=\"article:modified_time\" content=\"2023-11-03T11:11:17+00:00\" \/>\n<meta name=\"twitter:card\" content=\"summary_large_image\" \/>\n<meta name=\"twitter:label1\" content=\"Est. reading time\" \/>\n\t<meta name=\"twitter:data1\" content=\"1 minute\" \/>\n<script type=\"application\/ld+json\" class=\"yoast-schema-graph\">{\"@context\":\"https:\/\/schema.org\",\"@graph\":[{\"@type\":\"WebPage\",\"@id\":\"https:\/\/sogorbmac.com\/servicios-maquinaria-para-calzado-servicio-post-venta-maquinaria-calzado-elda-elche-alicante\/\",\"url\":\"https:\/\/sogorbmac.com\/servicios-maquinaria-para-calzado-servicio-post-venta-maquinaria-calzado-elda-elche-alicante\/\",\"name\":\"Servicio Post-Venta en Maquinaria para Calzado - sogorbmac\",\"isPartOf\":{\"@id\":\"https:\/\/sogorbmac.com\/#website\"},\"datePublished\":\"2023-08-07T11:05:11+00:00\",\"dateModified\":\"2023-11-03T11:11:17+00:00\",\"breadcrumb\":{\"@id\":\"https:\/\/sogorbmac.com\/servicios-maquinaria-para-calzado-servicio-post-venta-maquinaria-calzado-elda-elche-alicante\/#breadcrumb\"},\"inLanguage\":\"en-US\",\"potentialAction\":[{\"@type\":\"ReadAction\",\"target\":[\"https:\/\/sogorbmac.com\/servicios-maquinaria-para-calzado-servicio-post-venta-maquinaria-calzado-elda-elche-alicante\/\"]}]},{\"@type\":\"BreadcrumbList\",\"@id\":\"https:\/\/sogorbmac.com\/servicios-maquinaria-para-calzado-servicio-post-venta-maquinaria-calzado-elda-elche-alicante\/#breadcrumb\",\"itemListElement\":[{\"@type\":\"ListItem\",\"position\":1,\"name\":\"Portada\",\"item\":\"https:\/\/sogorbmac.com\/en\/\"},{\"@type\":\"ListItem\",\"position\":2,\"name\":\"Servicio Post-Venta en Maquinaria para Calzado\"}]},{\"@type\":\"WebSite\",\"@id\":\"https:\/\/sogorbmac.com\/#website\",\"url\":\"https:\/\/sogorbmac.com\/\",\"name\":\"sogorbmac\",\"description\":\"\",\"publisher\":{\"@id\":\"https:\/\/sogorbmac.com\/#organization\"},\"potentialAction\":[{\"@type\":\"SearchAction\",\"target\":{\"@type\":\"EntryPoint\",\"urlTemplate\":\"https:\/\/sogorbmac.com\/?s={search_term_string}\"},\"query-input\":{\"@type\":\"PropertyValueSpecification\",\"valueRequired\":true,\"valueName\":\"search_term_string\"}}],\"inLanguage\":\"en-US\"},{\"@type\":\"Organization\",\"@id\":\"https:\/\/sogorbmac.com\/#organization\",\"name\":\"sogorbmac\",\"url\":\"https:\/\/sogorbmac.com\/\",\"logo\":{\"@type\":\"ImageObject\",\"inLanguage\":\"en-US\",\"@id\":\"https:\/\/sogorbmac.com\/#\/schema\/logo\/image\/\",\"url\":\"https:\/\/sogorbmac.com\/wp-content\/uploads\/2023\/06\/logo-sogorbmac.webp\",\"contentUrl\":\"https:\/\/sogorbmac.com\/wp-content\/uploads\/2023\/06\/logo-sogorbmac.webp\",\"width\":440,\"height\":175,\"caption\":\"sogorbmac\"},\"image\":{\"@id\":\"https:\/\/sogorbmac.com\/#\/schema\/logo\/image\/\"}}]}<\/script>\n<!-- \/ Yoast SEO plugin. -->","yoast_head_json":{"title":"Servicio Post-Venta en Maquinaria para Calzado - sogorbmac","robots":{"index":"index","follow":"follow","max-snippet":"max-snippet:-1","max-image-preview":"max-image-preview:large","max-video-preview":"max-video-preview:-1"},"canonical":"https:\/\/sogorbmac.com\/servicios-maquinaria-para-calzado-servicio-post-venta-maquinaria-calzado-elda-elche-alicante\/","og_locale":"en_US","og_type":"article","og_title":"Servicio Post-Venta en Maquinaria para Calzado - sogorbmac","og_description":"Todas las m\u00e1quinas para la fabricaci\u00f3n de calzado, sean de nuestra marca como de las marcas que representamos, requieren de un mantenimiento para su buen y correcto funcionamiento. Es necesario realizarlo para evitar importantes aver\u00edas posteriores de alto coste. Si lo desea, podemos personalizar un servicio de mantenimiento para cada una de sus m\u00e1quinas para [&hellip;]","og_url":"https:\/\/sogorbmac.com\/servicios-maquinaria-para-calzado-servicio-post-venta-maquinaria-calzado-elda-elche-alicante\/","og_site_name":"sogorbmac","article_modified_time":"2023-11-03T11:11:17+00:00","twitter_card":"summary_large_image","twitter_misc":{"Est. reading time":"1 minute"},"schema":{"@context":"https:\/\/schema.org","@graph":[{"@type":"WebPage","@id":"https:\/\/sogorbmac.com\/servicios-maquinaria-para-calzado-servicio-post-venta-maquinaria-calzado-elda-elche-alicante\/","url":"https:\/\/sogorbmac.com\/servicios-maquinaria-para-calzado-servicio-post-venta-maquinaria-calzado-elda-elche-alicante\/","name":"Servicio Post-Venta en Maquinaria para Calzado - sogorbmac","isPartOf":{"@id":"https:\/\/sogorbmac.com\/#website"},"datePublished":"2023-08-07T11:05:11+00:00","dateModified":"2023-11-03T11:11:17+00:00","breadcrumb":{"@id":"https:\/\/sogorbmac.com\/servicios-maquinaria-para-calzado-servicio-post-venta-maquinaria-calzado-elda-elche-alicante\/#breadcrumb"},"inLanguage":"en-US","potentialAction":[{"@type":"ReadAction","target":["https:\/\/sogorbmac.com\/servicios-maquinaria-para-calzado-servicio-post-venta-maquinaria-calzado-elda-elche-alicante\/"]}]},{"@type":"BreadcrumbList","@id":"https:\/\/sogorbmac.com\/servicios-maquinaria-para-calzado-servicio-post-venta-maquinaria-calzado-elda-elche-alicante\/#breadcrumb","itemListElement":[{"@type":"ListItem","position":1,"name":"Portada","item":"https:\/\/sogorbmac.com\/en\/"},{"@type":"ListItem","position":2,"name":"Servicio Post-Venta en Maquinaria para Calzado"}]},{"@type":"WebSite","@id":"https:\/\/sogorbmac.com\/#website","url":"https:\/\/sogorbmac.com\/","name":"sogorbmac","description":"","publisher":{"@id":"https:\/\/sogorbmac.com\/#organization"},"potentialAction":[{"@type":"SearchAction","target":{"@type":"EntryPoint","urlTemplate":"https:\/\/sogorbmac.com\/?s={search_term_string}"},"query-input":{"@type":"PropertyValueSpecification","valueRequired":true,"valueName":"search_term_string"}}],"inLanguage":"en-US"},{"@type":"Organization","@id":"https:\/\/sogorbmac.com\/#organization","name":"sogorbmac","url":"https:\/\/sogorbmac.com\/","logo":{"@type":"ImageObject","inLanguage":"en-US","@id":"https:\/\/sogorbmac.com\/#\/schema\/logo\/image\/","url":"https:\/\/sogorbmac.com\/wp-content\/uploads\/2023\/06\/logo-sogorbmac.webp","contentUrl":"https:\/\/sogorbmac.com\/wp-content\/uploads\/2023\/06\/logo-sogorbmac.webp","width":440,"height":175,"caption":"sogorbmac"},"image":{"@id":"https:\/\/sogorbmac.com\/#\/schema\/logo\/image\/"}}]}},"_links":{"self":[{"href":"https:\/\/sogorbmac.com\/en\/wp-json\/wp\/v2\/pages\/15077","targetHints":{"allow":["GET"]}}],"collection":[{"href":"https:\/\/sogorbmac.com\/en\/wp-json\/wp\/v2\/pages"}],"about":[{"href":"https:\/\/sogorbmac.com\/en\/wp-json\/wp\/v2\/types\/page"}],"author":[{"embeddable":true,"href":"https:\/\/sogorbmac.com\/en\/wp-json\/wp\/v2\/users\/1"}],"replies":[{"embeddable":true,"href":"https:\/\/sogorbmac.com\/en\/wp-json\/wp\/v2\/comments?post=15077"}],"version-history":[{"count":6,"href":"https:\/\/sogorbmac.com\/en\/wp-json\/wp\/v2\/pages\/15077\/revisions"}],"predecessor-version":[{"id":16140,"href":"https:\/\/sogorbmac.com\/en\/wp-json\/wp\/v2\/pages\/15077\/revisions\/16140"}],"wp:attachment":[{"href":"https:\/\/sogorbmac.com\/en\/wp-json\/wp\/v2\/media?parent=15077"}],"curies":[{"name":"wp","href":"https:\/\/api.w.org\/{rel}","templated":true}]}}