{"id":15075,"date":"2023-08-07T13:03:22","date_gmt":"2023-08-07T11:03:22","guid":{"rendered":"https:\/\/sogorbmac.com\/shoe-machinery-customer-service\/"},"modified":"2023-11-03T12:08:16","modified_gmt":"2023-11-03T11:08:16","slug":"shoe-machinery-customer-service","status":"publish","type":"page","link":"https:\/\/sogorbmac.com\/en\/shoe-machinery-customer-service\/","title":{"rendered":"Shoe Machinery Customer Service"},"content":{"rendered":"\t\t<div data-elementor-type=\"wp-page\" data-elementor-id=\"15075\" class=\"elementor elementor-15075 elementor-14222\" data-elementor-post-type=\"page\">\n\t\t\t\t<div data-dce-background-overlay-color=\"#000000\" data-dce-background-image-url=\"https:\/\/sogorbmac.com\/wp-content\/uploads\/2023\/08\/hombre-negocios-hablar-telefono-scaled.jpg\" class=\"elementor-element elementor-element-00f4e2b e-flex e-con-boxed e-con e-parent\" data-id=\"00f4e2b\" data-element_type=\"container\" data-e-type=\"container\" data-settings=\"{&quot;background_background&quot;:&quot;classic&quot;,&quot;jet_parallax_layout_list&quot;:[]}\">\n\t\t\t\t\t<div class=\"e-con-inner\">\n\t\t\t\t<div data-dce-title-color=\"#FFFFFF\" class=\"elementor-element elementor-element-d109bd3 elementor-widget elementor-widget-heading\" data-id=\"d109bd3\" data-element_type=\"widget\" data-e-type=\"widget\" data-widget_type=\"heading.default\">\n\t\t\t\t<div class=\"elementor-widget-container\">\n\t\t\t\t\t<h2 class=\"elementor-heading-title elementor-size-default\">Shoe Machinery Customer Service<\/h2>\t\t\t\t<\/div>\n\t\t\t\t<\/div>\n\t\t\t\t\t<\/div>\n\t\t\t\t<\/div>\n\t\t<div class=\"elementor-element elementor-element-c4bcdac e-flex e-con-boxed e-con e-parent\" data-id=\"c4bcdac\" data-element_type=\"container\" data-e-type=\"container\" data-settings=\"{&quot;jet_parallax_layout_list&quot;:[]}\">\n\t\t\t\t\t<div class=\"e-con-inner\">\n\t\t\t\t<div class=\"elementor-element elementor-element-f7b35a8 elementor-widget elementor-widget-text-editor\" data-id=\"f7b35a8\" data-element_type=\"widget\" data-e-type=\"widget\" data-widget_type=\"text-editor.default\">\n\t\t\t\t<div class=\"elementor-widget-container\">\n\t\t\t\t\t\t\t\t\t<p><strong>&#8220;Su opini\u00f3n es muy importante para nosotros&#8221;<\/strong><\/p>\n<p><strong>(Emilio Sogorb &#8211; Gerente Sogorbmac, S.L.)<\/strong><\/p>\t\t\t\t\t\t\t\t<\/div>\n\t\t\t\t<\/div>\n\t\t\t\t<div class=\"elementor-element elementor-element-0139568 elementor-widget elementor-widget-text-editor\" data-id=\"0139568\" data-element_type=\"widget\" data-e-type=\"widget\" data-widget_type=\"text-editor.default\">\n\t\t\t\t<div class=\"elementor-widget-container\">\n\t\t\t\t\t\t\t\t\t<p><strong>Sogorbmac, S.L.<\/strong> pone a su disposici\u00f3n el Servicio de Atenci\u00f3n al Cliente para la resoluci\u00f3n de quejas y reclamaciones de la manera m\u00e1s satisfactoria posible. Puede acceder al , as\u00ed como al formulario para la presentaci\u00f3n de quejas y reclamaciones en esta misma p\u00e1gina y en nuestra oficina.<\/p>\n<p> <strong> Sogorbmac, S.L.<\/strong> se compromete a resolver la queja o reclamaci\u00f3n en un plazo m\u00ednimo desde su presentaci\u00f3n.<\/p>\n<p>Puede contactar con el <strong>Servicio de Atenci\u00f3n al Cliente:<\/strong><\/p>\n<ul>\n<li><strong>Por correo<\/strong>, en la direcci\u00f3n: <strong>Sogorbmac, S.L.<\/strong> Atn: Servicio de Atenci\u00f3n al Cliente C\/ Monastil, 20-22 Poligono Industrial Torreta Rio 03600 Elda (Alicante) &#8211; Espa\u00f1a<\/li>\n<li><strong>Por Internet<\/strong>, dirigi\u00e9ndose a nuestra cuenta de correo: <span style=\"text-decoration: underline;\"><strong>info@sogorbmac.com<\/strong><\/span> indicando en el asunto del mensaje: <strong>Servicio de Atenci\u00f3n al Cliente<\/strong> y a continuaci\u00f3n el motivo del mensaje. Le agradecemos el inter\u00e9s mostrado en nuestra entidad y le invitamos a que nos ayude a mejorar nuestros servicios.<\/li>\n<\/ul>\t\t\t\t\t\t\t\t<\/div>\n\t\t\t\t<\/div>\n\t\t\t\t\t<\/div>\n\t\t\t\t<\/div>\n\t\t\t\t<\/div>\n\t\t","protected":false},"excerpt":{"rendered":"<p>&#8220;Su opini\u00f3n es muy importante para nosotros&#8221; (Emilio Sogorb &#8211; Gerente Sogorbmac, S.L.) Sogorbmac, S.L. pone a su disposici\u00f3n el Servicio de Atenci\u00f3n al Cliente para la resoluci\u00f3n de quejas y reclamaciones de la manera m\u00e1s satisfactoria posible. Puede acceder al , as\u00ed como al formulario para la presentaci\u00f3n de quejas y reclamaciones en esta [&hellip;]<\/p>\n","protected":false},"author":1,"featured_media":0,"parent":0,"menu_order":0,"comment_status":"closed","ping_status":"closed","template":"","meta":{"footnotes":""},"class_list":["post-15075","page","type-page","status-publish","hentry"],"yoast_head":"<!-- This site is optimized with the Yoast SEO plugin v27.1.1 - https:\/\/yoast.com\/product\/yoast-seo-wordpress\/ -->\n<title>Shoe Machinery Customer Service - sogorbmac<\/title>\n<meta name=\"robots\" content=\"index, follow, max-snippet:-1, max-image-preview:large, max-video-preview:-1\" \/>\n<link rel=\"canonical\" href=\"https:\/\/sogorbmac.com\/servicios-maquinaria-para-calzado-servicio-atencion-cliente-maquinaria-calzado-elda-elche-alicante\/\" \/>\n<meta property=\"og:locale\" content=\"en_US\" \/>\n<meta property=\"og:type\" content=\"article\" \/>\n<meta property=\"og:title\" content=\"Shoe Machinery Customer Service - sogorbmac\" \/>\n<meta property=\"og:description\" content=\"&#8220;Su opini\u00f3n es muy importante para nosotros&#8221; (Emilio Sogorb &#8211; Gerente Sogorbmac, S.L.) Sogorbmac, S.L. pone a su disposici\u00f3n el Servicio de Atenci\u00f3n al Cliente para la resoluci\u00f3n de quejas y reclamaciones de la manera m\u00e1s satisfactoria posible. Puede acceder al , as\u00ed como al formulario para la presentaci\u00f3n de quejas y reclamaciones en esta [&hellip;]\" \/>\n<meta property=\"og:url\" content=\"https:\/\/sogorbmac.com\/servicios-maquinaria-para-calzado-servicio-atencion-cliente-maquinaria-calzado-elda-elche-alicante\/\" \/>\n<meta property=\"og:site_name\" content=\"sogorbmac\" \/>\n<meta property=\"article:modified_time\" content=\"2023-11-03T11:08:16+00:00\" \/>\n<meta name=\"twitter:card\" content=\"summary_large_image\" \/>\n<meta name=\"twitter:label1\" content=\"Est. reading time\" \/>\n\t<meta name=\"twitter:data1\" content=\"1 minute\" \/>\n<script type=\"application\/ld+json\" class=\"yoast-schema-graph\">{\"@context\":\"https:\/\/schema.org\",\"@graph\":[{\"@type\":\"WebPage\",\"@id\":\"https:\/\/sogorbmac.com\/servicios-maquinaria-para-calzado-servicio-atencion-cliente-maquinaria-calzado-elda-elche-alicante\/\",\"url\":\"https:\/\/sogorbmac.com\/servicios-maquinaria-para-calzado-servicio-atencion-cliente-maquinaria-calzado-elda-elche-alicante\/\",\"name\":\"Shoe Machinery Customer Service - sogorbmac\",\"isPartOf\":{\"@id\":\"https:\/\/sogorbmac.com\/#website\"},\"datePublished\":\"2023-08-07T11:03:22+00:00\",\"dateModified\":\"2023-11-03T11:08:16+00:00\",\"breadcrumb\":{\"@id\":\"https:\/\/sogorbmac.com\/servicios-maquinaria-para-calzado-servicio-atencion-cliente-maquinaria-calzado-elda-elche-alicante\/#breadcrumb\"},\"inLanguage\":\"en-US\",\"potentialAction\":[{\"@type\":\"ReadAction\",\"target\":[\"https:\/\/sogorbmac.com\/servicios-maquinaria-para-calzado-servicio-atencion-cliente-maquinaria-calzado-elda-elche-alicante\/\"]}]},{\"@type\":\"BreadcrumbList\",\"@id\":\"https:\/\/sogorbmac.com\/servicios-maquinaria-para-calzado-servicio-atencion-cliente-maquinaria-calzado-elda-elche-alicante\/#breadcrumb\",\"itemListElement\":[{\"@type\":\"ListItem\",\"position\":1,\"name\":\"Portada\",\"item\":\"https:\/\/sogorbmac.com\/en\/\"},{\"@type\":\"ListItem\",\"position\":2,\"name\":\"Shoe Machinery Customer Service\"}]},{\"@type\":\"WebSite\",\"@id\":\"https:\/\/sogorbmac.com\/#website\",\"url\":\"https:\/\/sogorbmac.com\/\",\"name\":\"sogorbmac\",\"description\":\"\",\"publisher\":{\"@id\":\"https:\/\/sogorbmac.com\/#organization\"},\"potentialAction\":[{\"@type\":\"SearchAction\",\"target\":{\"@type\":\"EntryPoint\",\"urlTemplate\":\"https:\/\/sogorbmac.com\/?s={search_term_string}\"},\"query-input\":{\"@type\":\"PropertyValueSpecification\",\"valueRequired\":true,\"valueName\":\"search_term_string\"}}],\"inLanguage\":\"en-US\"},{\"@type\":\"Organization\",\"@id\":\"https:\/\/sogorbmac.com\/#organization\",\"name\":\"sogorbmac\",\"url\":\"https:\/\/sogorbmac.com\/\",\"logo\":{\"@type\":\"ImageObject\",\"inLanguage\":\"en-US\",\"@id\":\"https:\/\/sogorbmac.com\/#\/schema\/logo\/image\/\",\"url\":\"https:\/\/sogorbmac.com\/wp-content\/uploads\/2023\/06\/logo-sogorbmac.webp\",\"contentUrl\":\"https:\/\/sogorbmac.com\/wp-content\/uploads\/2023\/06\/logo-sogorbmac.webp\",\"width\":440,\"height\":175,\"caption\":\"sogorbmac\"},\"image\":{\"@id\":\"https:\/\/sogorbmac.com\/#\/schema\/logo\/image\/\"}}]}<\/script>\n<!-- \/ Yoast SEO plugin. -->","yoast_head_json":{"title":"Shoe Machinery Customer Service - sogorbmac","robots":{"index":"index","follow":"follow","max-snippet":"max-snippet:-1","max-image-preview":"max-image-preview:large","max-video-preview":"max-video-preview:-1"},"canonical":"https:\/\/sogorbmac.com\/servicios-maquinaria-para-calzado-servicio-atencion-cliente-maquinaria-calzado-elda-elche-alicante\/","og_locale":"en_US","og_type":"article","og_title":"Shoe Machinery Customer Service - sogorbmac","og_description":"&#8220;Su opini\u00f3n es muy importante para nosotros&#8221; (Emilio Sogorb &#8211; Gerente Sogorbmac, S.L.) Sogorbmac, S.L. pone a su disposici\u00f3n el Servicio de Atenci\u00f3n al Cliente para la resoluci\u00f3n de quejas y reclamaciones de la manera m\u00e1s satisfactoria posible. Puede acceder al , as\u00ed como al formulario para la presentaci\u00f3n de quejas y reclamaciones en esta [&hellip;]","og_url":"https:\/\/sogorbmac.com\/servicios-maquinaria-para-calzado-servicio-atencion-cliente-maquinaria-calzado-elda-elche-alicante\/","og_site_name":"sogorbmac","article_modified_time":"2023-11-03T11:08:16+00:00","twitter_card":"summary_large_image","twitter_misc":{"Est. reading time":"1 minute"},"schema":{"@context":"https:\/\/schema.org","@graph":[{"@type":"WebPage","@id":"https:\/\/sogorbmac.com\/servicios-maquinaria-para-calzado-servicio-atencion-cliente-maquinaria-calzado-elda-elche-alicante\/","url":"https:\/\/sogorbmac.com\/servicios-maquinaria-para-calzado-servicio-atencion-cliente-maquinaria-calzado-elda-elche-alicante\/","name":"Shoe Machinery Customer Service - sogorbmac","isPartOf":{"@id":"https:\/\/sogorbmac.com\/#website"},"datePublished":"2023-08-07T11:03:22+00:00","dateModified":"2023-11-03T11:08:16+00:00","breadcrumb":{"@id":"https:\/\/sogorbmac.com\/servicios-maquinaria-para-calzado-servicio-atencion-cliente-maquinaria-calzado-elda-elche-alicante\/#breadcrumb"},"inLanguage":"en-US","potentialAction":[{"@type":"ReadAction","target":["https:\/\/sogorbmac.com\/servicios-maquinaria-para-calzado-servicio-atencion-cliente-maquinaria-calzado-elda-elche-alicante\/"]}]},{"@type":"BreadcrumbList","@id":"https:\/\/sogorbmac.com\/servicios-maquinaria-para-calzado-servicio-atencion-cliente-maquinaria-calzado-elda-elche-alicante\/#breadcrumb","itemListElement":[{"@type":"ListItem","position":1,"name":"Portada","item":"https:\/\/sogorbmac.com\/en\/"},{"@type":"ListItem","position":2,"name":"Shoe Machinery Customer Service"}]},{"@type":"WebSite","@id":"https:\/\/sogorbmac.com\/#website","url":"https:\/\/sogorbmac.com\/","name":"sogorbmac","description":"","publisher":{"@id":"https:\/\/sogorbmac.com\/#organization"},"potentialAction":[{"@type":"SearchAction","target":{"@type":"EntryPoint","urlTemplate":"https:\/\/sogorbmac.com\/?s={search_term_string}"},"query-input":{"@type":"PropertyValueSpecification","valueRequired":true,"valueName":"search_term_string"}}],"inLanguage":"en-US"},{"@type":"Organization","@id":"https:\/\/sogorbmac.com\/#organization","name":"sogorbmac","url":"https:\/\/sogorbmac.com\/","logo":{"@type":"ImageObject","inLanguage":"en-US","@id":"https:\/\/sogorbmac.com\/#\/schema\/logo\/image\/","url":"https:\/\/sogorbmac.com\/wp-content\/uploads\/2023\/06\/logo-sogorbmac.webp","contentUrl":"https:\/\/sogorbmac.com\/wp-content\/uploads\/2023\/06\/logo-sogorbmac.webp","width":440,"height":175,"caption":"sogorbmac"},"image":{"@id":"https:\/\/sogorbmac.com\/#\/schema\/logo\/image\/"}}]}},"_links":{"self":[{"href":"https:\/\/sogorbmac.com\/en\/wp-json\/wp\/v2\/pages\/15075","targetHints":{"allow":["GET"]}}],"collection":[{"href":"https:\/\/sogorbmac.com\/en\/wp-json\/wp\/v2\/pages"}],"about":[{"href":"https:\/\/sogorbmac.com\/en\/wp-json\/wp\/v2\/types\/page"}],"author":[{"embeddable":true,"href":"https:\/\/sogorbmac.com\/en\/wp-json\/wp\/v2\/users\/1"}],"replies":[{"embeddable":true,"href":"https:\/\/sogorbmac.com\/en\/wp-json\/wp\/v2\/comments?post=15075"}],"version-history":[{"count":7,"href":"https:\/\/sogorbmac.com\/en\/wp-json\/wp\/v2\/pages\/15075\/revisions"}],"predecessor-version":[{"id":16136,"href":"https:\/\/sogorbmac.com\/en\/wp-json\/wp\/v2\/pages\/15075\/revisions\/16136"}],"wp:attachment":[{"href":"https:\/\/sogorbmac.com\/en\/wp-json\/wp\/v2\/media?parent=15075"}],"curies":[{"name":"wp","href":"https:\/\/api.w.org\/{rel}","templated":true}]}}