{"id":15073,"date":"2023-08-07T13:02:07","date_gmt":"2023-08-07T11:02:07","guid":{"rendered":"https:\/\/sogorbmac.com\/servicio-de-asesoramiento-para-su-empresa-de-fabricacion-de-calzado\/"},"modified":"2023-10-17T16:09:14","modified_gmt":"2023-10-17T14:09:14","slug":"servicio-de-asesoramiento-para-su-empresa-de-fabricacion-de-calzado","status":"publish","type":"page","link":"https:\/\/sogorbmac.com\/en\/servicio-de-asesoramiento-para-su-empresa-de-fabricacion-de-calzado\/","title":{"rendered":"Servicio de Asesoramiento para su empresa de fabricaci\u00f3n de Calzado"},"content":{"rendered":"\t\t<div data-elementor-type=\"wp-page\" data-elementor-id=\"15073\" class=\"elementor elementor-15073 elementor-14218\" data-elementor-post-type=\"page\">\n\t\t\t\t<div data-dce-background-image-url=\"https:\/\/sogorbmac.com\/wp-content\/uploads\/2023\/08\/equipo-negocios-discutir-informacion-sobre-touchpad.jpg\" class=\"elementor-element elementor-element-8f5d184 e-flex e-con-boxed e-con e-parent\" data-id=\"8f5d184\" data-element_type=\"container\" data-e-type=\"container\" data-settings=\"{&quot;background_background&quot;:&quot;classic&quot;,&quot;jet_parallax_layout_list&quot;:[]}\">\n\t\t\t\t\t<div class=\"e-con-inner\">\n\t\t\t\t<div class=\"elementor-element elementor-element-74deabd elementor-widget elementor-widget-heading\" data-id=\"74deabd\" data-element_type=\"widget\" data-e-type=\"widget\" data-widget_type=\"heading.default\">\n\t\t\t\t<div class=\"elementor-widget-container\">\n\t\t\t\t\t<h2 class=\"elementor-heading-title elementor-size-default\">Servicio de Asesoramiento para su empresa de fabricaci\u00f3n de Calzado<\/h2>\t\t\t\t<\/div>\n\t\t\t\t<\/div>\n\t\t\t\t\t<\/div>\n\t\t\t\t<\/div>\n\t\t<div class=\"elementor-element elementor-element-efde4b1 e-flex e-con-boxed e-con e-parent\" data-id=\"efde4b1\" data-element_type=\"container\" data-e-type=\"container\" data-settings=\"{&quot;jet_parallax_layout_list&quot;:[]}\">\n\t\t\t\t\t<div class=\"e-con-inner\">\n\t\t\t\t<div class=\"elementor-element elementor-element-389fe08 elementor-widget elementor-widget-text-editor\" data-id=\"389fe08\" data-element_type=\"widget\" data-e-type=\"widget\" data-widget_type=\"text-editor.default\">\n\t\t\t\t<div class=\"elementor-widget-container\">\n\t\t\t\t\t\t\t\t\t<p>En Sogorbmac, S.L. como fabricantes de maquinaria para la fabricaci\u00f3n de calzado, disponemos de un reconocido equipo de profesionales especializados en los \u00faltimos avances en tecnolog\u00eda aplicada para la elaboraci\u00f3n de calzado y marroquiner\u00eda.<\/p>\n<p>Desde nuestra empresa ubicada en Elda, ponemos a su servicio a nuestros especialistas con alta cualificaci\u00f3n en la instalaci\u00f3n y el mantenimiento de su maquinaria para calzado. Prestamos el Asesoramiento T\u00e9cnico necesario para la resoluci\u00f3n de problemas concretos relacionados con los procesos productivos industriales.<\/p>\n<p> <\/p>\n<p><strong> Asesoramiento Tecnol\u00f3gico<\/strong><\/p>\n<p>En Sogorbmac, S.L. ofrecemos una amplia oferta de servicios de asesoramiento tecnol\u00f3gico a empresas de calzado y componentes. Esta oferta es flexible y se adapta a las necesidades de cada cliente, estando ligado a cualquier etapa del proceso de desarrollo de productos orientados al usuario. Aspectos como la amortiguaci\u00f3n de impactos, la distribuci\u00f3n de presiones, la fricci\u00f3n, el peso, la flexibilidad, la torsi\u00f3n, la elasticidad del corte, la dimensi\u00f3n de la horma y plantilla, y el confort t\u00e9rmico deben ser tenidos en cuenta y evaluados a la hora de seleccionar la m\u00e1s adecuada herramienta para la fabricaci\u00f3n de calzado.<\/p>\n<p> <\/p>\n<p><strong>Reingenier\u00eda y asesoramiento en el dise\u00f1o de calzado y componentes<\/strong><\/p>\n<p>Sabemos que a menudo, el fabricante de calzado dispone de un producto y sin embargo, el objetivo de la empresa no es desarrollar un nuevo producto sino realizar peque\u00f1as modificaciones y cambios dirigidas a mejorar el grado de confort del calzado. Eligiendo la correcta maquinaria para la fabricaci\u00f3n de calzado, existen innumerables maneras de mejorar la calidad y el confort del producto en contra de creencias como que la calidad, el confort y la moda son conceptos antag\u00f3nicos, o que mejorar el confort o la calidad, llevan aparejado un incremento del coste.<\/p>\n<p> <\/p>\n<p><strong>Correcto Uso de los Materiales utilizados en la Fabricaci\u00f3n de Calzado<\/strong><\/p>\n<p>La creciente demanda de confort, calidad y funcionalidad por parte de los compradores de calzado, unida a la aparici\u00f3n de nuevos materiales y sus aplicaciones, ha hecho que el mercado se haya visto inundado por una gran oferta de nuevos materiales (viscoel\u00e1sticos, membranas t\u00e9cnicas, fibras, materiales de cambio de fase, Tejidos t\u00e9cnicos que protegen de cambios de temperatura exterior, etc.), que mejoran aspectos como el confort t\u00e9rmico o la amortiguaci\u00f3n de impactos. Para valorar si estos materiales tienen el efecto deseado y aplicarlos de forma \u00f3ptima, en Sogorbmac les ofrecemos el servicio de asesoramiento en la evaluaci\u00f3n, selecci\u00f3n y uso de materiales para la mejora continua en la calidad y el confort sin olvidar la propia funcionalidad del calzado.<\/p>\t\t\t\t\t\t\t\t<\/div>\n\t\t\t\t<\/div>\n\t\t\t\t\t<\/div>\n\t\t\t\t<\/div>\n\t\t\t\t<\/div>\n\t\t","protected":false},"excerpt":{"rendered":"<p>En Sogorbmac, S.L. como fabricantes de maquinaria para la fabricaci\u00f3n de calzado, disponemos de un reconocido equipo de profesionales especializados en los \u00faltimos avances en tecnolog\u00eda aplicada para la elaboraci\u00f3n de calzado y marroquiner\u00eda. Desde nuestra empresa ubicada en Elda, ponemos a su servicio a nuestros especialistas con alta cualificaci\u00f3n en la instalaci\u00f3n y el [&hellip;]<\/p>\n","protected":false},"author":1,"featured_media":0,"parent":0,"menu_order":0,"comment_status":"closed","ping_status":"closed","template":"","meta":{"footnotes":""},"class_list":["post-15073","page","type-page","status-publish","hentry"],"yoast_head":"<!-- This site is optimized with the Yoast SEO plugin v27.1.1 - https:\/\/yoast.com\/product\/yoast-seo-wordpress\/ -->\n<title>Servicio de Asesoramiento para su empresa de fabricaci\u00f3n de Calzado - sogorbmac<\/title>\n<meta name=\"robots\" content=\"index, follow, max-snippet:-1, max-image-preview:large, max-video-preview:-1\" \/>\n<link rel=\"canonical\" href=\"https:\/\/sogorbmac.com\/servicios-maquinaria-para-calzado-asesoramiento-maquinaria-calzado-elda-elche-alicante\/\" \/>\n<meta property=\"og:locale\" content=\"en_US\" \/>\n<meta property=\"og:type\" content=\"article\" \/>\n<meta property=\"og:title\" content=\"Servicio de Asesoramiento para su empresa de fabricaci\u00f3n de Calzado - sogorbmac\" \/>\n<meta property=\"og:description\" content=\"En Sogorbmac, S.L. como fabricantes de maquinaria para la fabricaci\u00f3n de calzado, disponemos de un reconocido equipo de profesionales especializados en los \u00faltimos avances en tecnolog\u00eda aplicada para la elaboraci\u00f3n de calzado y marroquiner\u00eda. Desde nuestra empresa ubicada en Elda, ponemos a su servicio a nuestros especialistas con alta cualificaci\u00f3n en la instalaci\u00f3n y el [&hellip;]\" \/>\n<meta property=\"og:url\" content=\"https:\/\/sogorbmac.com\/servicios-maquinaria-para-calzado-asesoramiento-maquinaria-calzado-elda-elche-alicante\/\" \/>\n<meta property=\"og:site_name\" content=\"sogorbmac\" \/>\n<meta property=\"article:modified_time\" content=\"2023-10-17T14:09:14+00:00\" \/>\n<meta name=\"twitter:card\" content=\"summary_large_image\" \/>\n<meta name=\"twitter:label1\" content=\"Est. reading time\" \/>\n\t<meta name=\"twitter:data1\" content=\"2 minutes\" \/>\n<script type=\"application\/ld+json\" class=\"yoast-schema-graph\">{\"@context\":\"https:\/\/schema.org\",\"@graph\":[{\"@type\":\"WebPage\",\"@id\":\"https:\/\/sogorbmac.com\/servicios-maquinaria-para-calzado-asesoramiento-maquinaria-calzado-elda-elche-alicante\/\",\"url\":\"https:\/\/sogorbmac.com\/servicios-maquinaria-para-calzado-asesoramiento-maquinaria-calzado-elda-elche-alicante\/\",\"name\":\"Servicio de Asesoramiento para su empresa de fabricaci\u00f3n de Calzado - sogorbmac\",\"isPartOf\":{\"@id\":\"https:\/\/sogorbmac.com\/#website\"},\"datePublished\":\"2023-08-07T11:02:07+00:00\",\"dateModified\":\"2023-10-17T14:09:14+00:00\",\"breadcrumb\":{\"@id\":\"https:\/\/sogorbmac.com\/servicios-maquinaria-para-calzado-asesoramiento-maquinaria-calzado-elda-elche-alicante\/#breadcrumb\"},\"inLanguage\":\"en-US\",\"potentialAction\":[{\"@type\":\"ReadAction\",\"target\":[\"https:\/\/sogorbmac.com\/servicios-maquinaria-para-calzado-asesoramiento-maquinaria-calzado-elda-elche-alicante\/\"]}]},{\"@type\":\"BreadcrumbList\",\"@id\":\"https:\/\/sogorbmac.com\/servicios-maquinaria-para-calzado-asesoramiento-maquinaria-calzado-elda-elche-alicante\/#breadcrumb\",\"itemListElement\":[{\"@type\":\"ListItem\",\"position\":1,\"name\":\"Portada\",\"item\":\"https:\/\/sogorbmac.com\/en\/\"},{\"@type\":\"ListItem\",\"position\":2,\"name\":\"Servicio de Asesoramiento para su empresa de fabricaci\u00f3n de Calzado\"}]},{\"@type\":\"WebSite\",\"@id\":\"https:\/\/sogorbmac.com\/#website\",\"url\":\"https:\/\/sogorbmac.com\/\",\"name\":\"sogorbmac\",\"description\":\"\",\"publisher\":{\"@id\":\"https:\/\/sogorbmac.com\/#organization\"},\"potentialAction\":[{\"@type\":\"SearchAction\",\"target\":{\"@type\":\"EntryPoint\",\"urlTemplate\":\"https:\/\/sogorbmac.com\/?s={search_term_string}\"},\"query-input\":{\"@type\":\"PropertyValueSpecification\",\"valueRequired\":true,\"valueName\":\"search_term_string\"}}],\"inLanguage\":\"en-US\"},{\"@type\":\"Organization\",\"@id\":\"https:\/\/sogorbmac.com\/#organization\",\"name\":\"sogorbmac\",\"url\":\"https:\/\/sogorbmac.com\/\",\"logo\":{\"@type\":\"ImageObject\",\"inLanguage\":\"en-US\",\"@id\":\"https:\/\/sogorbmac.com\/#\/schema\/logo\/image\/\",\"url\":\"https:\/\/sogorbmac.com\/wp-content\/uploads\/2023\/06\/logo-sogorbmac.webp\",\"contentUrl\":\"https:\/\/sogorbmac.com\/wp-content\/uploads\/2023\/06\/logo-sogorbmac.webp\",\"width\":440,\"height\":175,\"caption\":\"sogorbmac\"},\"image\":{\"@id\":\"https:\/\/sogorbmac.com\/#\/schema\/logo\/image\/\"}}]}<\/script>\n<!-- \/ Yoast SEO plugin. -->","yoast_head_json":{"title":"Servicio de Asesoramiento para su empresa de fabricaci\u00f3n de Calzado - sogorbmac","robots":{"index":"index","follow":"follow","max-snippet":"max-snippet:-1","max-image-preview":"max-image-preview:large","max-video-preview":"max-video-preview:-1"},"canonical":"https:\/\/sogorbmac.com\/servicios-maquinaria-para-calzado-asesoramiento-maquinaria-calzado-elda-elche-alicante\/","og_locale":"en_US","og_type":"article","og_title":"Servicio de Asesoramiento para su empresa de fabricaci\u00f3n de Calzado - sogorbmac","og_description":"En Sogorbmac, S.L. como fabricantes de maquinaria para la fabricaci\u00f3n de calzado, disponemos de un reconocido equipo de profesionales especializados en los \u00faltimos avances en tecnolog\u00eda aplicada para la elaboraci\u00f3n de calzado y marroquiner\u00eda. Desde nuestra empresa ubicada en Elda, ponemos a su servicio a nuestros especialistas con alta cualificaci\u00f3n en la instalaci\u00f3n y el [&hellip;]","og_url":"https:\/\/sogorbmac.com\/servicios-maquinaria-para-calzado-asesoramiento-maquinaria-calzado-elda-elche-alicante\/","og_site_name":"sogorbmac","article_modified_time":"2023-10-17T14:09:14+00:00","twitter_card":"summary_large_image","twitter_misc":{"Est. reading time":"2 minutes"},"schema":{"@context":"https:\/\/schema.org","@graph":[{"@type":"WebPage","@id":"https:\/\/sogorbmac.com\/servicios-maquinaria-para-calzado-asesoramiento-maquinaria-calzado-elda-elche-alicante\/","url":"https:\/\/sogorbmac.com\/servicios-maquinaria-para-calzado-asesoramiento-maquinaria-calzado-elda-elche-alicante\/","name":"Servicio de Asesoramiento para su empresa de fabricaci\u00f3n de Calzado - sogorbmac","isPartOf":{"@id":"https:\/\/sogorbmac.com\/#website"},"datePublished":"2023-08-07T11:02:07+00:00","dateModified":"2023-10-17T14:09:14+00:00","breadcrumb":{"@id":"https:\/\/sogorbmac.com\/servicios-maquinaria-para-calzado-asesoramiento-maquinaria-calzado-elda-elche-alicante\/#breadcrumb"},"inLanguage":"en-US","potentialAction":[{"@type":"ReadAction","target":["https:\/\/sogorbmac.com\/servicios-maquinaria-para-calzado-asesoramiento-maquinaria-calzado-elda-elche-alicante\/"]}]},{"@type":"BreadcrumbList","@id":"https:\/\/sogorbmac.com\/servicios-maquinaria-para-calzado-asesoramiento-maquinaria-calzado-elda-elche-alicante\/#breadcrumb","itemListElement":[{"@type":"ListItem","position":1,"name":"Portada","item":"https:\/\/sogorbmac.com\/en\/"},{"@type":"ListItem","position":2,"name":"Servicio de Asesoramiento para su empresa de fabricaci\u00f3n de Calzado"}]},{"@type":"WebSite","@id":"https:\/\/sogorbmac.com\/#website","url":"https:\/\/sogorbmac.com\/","name":"sogorbmac","description":"","publisher":{"@id":"https:\/\/sogorbmac.com\/#organization"},"potentialAction":[{"@type":"SearchAction","target":{"@type":"EntryPoint","urlTemplate":"https:\/\/sogorbmac.com\/?s={search_term_string}"},"query-input":{"@type":"PropertyValueSpecification","valueRequired":true,"valueName":"search_term_string"}}],"inLanguage":"en-US"},{"@type":"Organization","@id":"https:\/\/sogorbmac.com\/#organization","name":"sogorbmac","url":"https:\/\/sogorbmac.com\/","logo":{"@type":"ImageObject","inLanguage":"en-US","@id":"https:\/\/sogorbmac.com\/#\/schema\/logo\/image\/","url":"https:\/\/sogorbmac.com\/wp-content\/uploads\/2023\/06\/logo-sogorbmac.webp","contentUrl":"https:\/\/sogorbmac.com\/wp-content\/uploads\/2023\/06\/logo-sogorbmac.webp","width":440,"height":175,"caption":"sogorbmac"},"image":{"@id":"https:\/\/sogorbmac.com\/#\/schema\/logo\/image\/"}}]}},"_links":{"self":[{"href":"https:\/\/sogorbmac.com\/en\/wp-json\/wp\/v2\/pages\/15073","targetHints":{"allow":["GET"]}}],"collection":[{"href":"https:\/\/sogorbmac.com\/en\/wp-json\/wp\/v2\/pages"}],"about":[{"href":"https:\/\/sogorbmac.com\/en\/wp-json\/wp\/v2\/types\/page"}],"author":[{"embeddable":true,"href":"https:\/\/sogorbmac.com\/en\/wp-json\/wp\/v2\/users\/1"}],"replies":[{"embeddable":true,"href":"https:\/\/sogorbmac.com\/en\/wp-json\/wp\/v2\/comments?post=15073"}],"version-history":[{"count":1,"href":"https:\/\/sogorbmac.com\/en\/wp-json\/wp\/v2\/pages\/15073\/revisions"}],"predecessor-version":[{"id":15074,"href":"https:\/\/sogorbmac.com\/en\/wp-json\/wp\/v2\/pages\/15073\/revisions\/15074"}],"wp:attachment":[{"href":"https:\/\/sogorbmac.com\/en\/wp-json\/wp\/v2\/media?parent=15073"}],"curies":[{"name":"wp","href":"https:\/\/api.w.org\/{rel}","templated":true}]}}