{"id":15066,"date":"2023-07-12T12:12:28","date_gmt":"2023-07-12T10:12:28","guid":{"rendered":"https:\/\/sogorbmac.com\/nosotros\/"},"modified":"2023-10-31T16:52:09","modified_gmt":"2023-10-31T15:52:09","slug":"nosotros","status":"publish","type":"page","link":"https:\/\/sogorbmac.com\/en\/nosotros\/","title":{"rendered":"Nosotros"},"content":{"rendered":"\t\t<div data-elementor-type=\"wp-page\" data-elementor-id=\"15066\" class=\"elementor elementor-15066 elementor-13815\" data-elementor-post-type=\"page\">\n\t\t\t\t<div data-dce-background-overlay-color=\"#1D1D1B00\" data-dce-background-image-url=\"https:\/\/sogorbmac.com\/wp-content\/uploads\/2023\/10\/DSC02726-1-1.jpg\" class=\"elementor-element elementor-element-2689f0f e-flex e-con-boxed e-con e-parent\" data-id=\"2689f0f\" data-element_type=\"container\" data-e-type=\"container\" data-settings=\"{&quot;background_background&quot;:&quot;classic&quot;,&quot;jet_parallax_layout_list&quot;:[]}\">\n\t\t\t\t\t<div class=\"e-con-inner\">\n\t\t\t\t<div class=\"elementor-element elementor-element-36e0e1d elementor-widget elementor-widget-heading\" data-id=\"36e0e1d\" data-element_type=\"widget\" data-e-type=\"widget\" data-widget_type=\"heading.default\">\n\t\t\t\t<div class=\"elementor-widget-container\">\n\t\t\t\t\t<h2 class=\"elementor-heading-title elementor-size-default\">Nosotros<\/h2>\t\t\t\t<\/div>\n\t\t\t\t<\/div>\n\t\t\t\t\t<\/div>\n\t\t\t\t<\/div>\n\t\t<div class=\"elementor-element elementor-element-8d09f14 e-flex e-con-boxed e-con e-parent\" data-id=\"8d09f14\" data-element_type=\"container\" data-e-type=\"container\" data-settings=\"{&quot;background_background&quot;:&quot;classic&quot;,&quot;jet_parallax_layout_list&quot;:[]}\">\n\t\t\t\t\t<div class=\"e-con-inner\">\n\t\t\t\t<div class=\"elementor-element elementor-element-4b13958 elementor-widget elementor-widget-heading\" data-id=\"4b13958\" data-element_type=\"widget\" data-e-type=\"widget\" data-widget_type=\"heading.default\">\n\t\t\t\t<div class=\"elementor-widget-container\">\n\t\t\t\t\t<h2 class=\"elementor-heading-title elementor-size-default\">M\u00e1s de treinta a\u00f1os de experiencia al servicio de la industria.\n<\/h2>\t\t\t\t<\/div>\n\t\t\t\t<\/div>\n\t\t\t\t\t<\/div>\n\t\t\t\t<\/div>\n\t\t<div class=\"elementor-element elementor-element-fd591da e-flex e-con-boxed e-con e-parent\" data-id=\"fd591da\" data-element_type=\"container\" data-e-type=\"container\" data-settings=\"{&quot;jet_parallax_layout_list&quot;:[]}\">\n\t\t\t\t\t<div class=\"e-con-inner\">\n\t\t<div class=\"elementor-element elementor-element-c0e11b7 e-con-full e-flex e-con e-child\" data-id=\"c0e11b7\" data-element_type=\"container\" data-e-type=\"container\" data-settings=\"{&quot;jet_parallax_layout_list&quot;:[]}\">\n\t\t\t\t<div class=\"elementor-element elementor-element-af6d7d2 elementor-widget elementor-widget-text-editor\" data-id=\"af6d7d2\" data-element_type=\"widget\" data-e-type=\"widget\" data-widget_type=\"text-editor.default\">\n\t\t\t\t<div class=\"elementor-widget-container\">\n\t\t\t\t\t\t\t\t\t<p>Sogorbmac, S.L., cuenta con treinta a\u00f1os de experiencia en el sector de la mano de sus fundadores y actuales gerentes. Comenzando como una empresa familiar, la constancia en el trabajo durante todos estos a\u00f1os, as\u00ed como su empe\u00f1o en aplicar mejoras a las m\u00e1quinas para la fabricaci\u00f3n de calzado, hacen de <strong>Sogorbmac, S.L \u201cuna empresa referente en la fabricacion y distribucion de maquinaria para calzado de Espa\u00f1a\u201d<\/strong><\/p>\t\t\t\t\t\t\t\t<\/div>\n\t\t\t\t<\/div>\n\t\t\t\t<\/div>\n\t\t<div class=\"elementor-element elementor-element-55d88a5 e-con-full e-flex e-con e-child\" data-id=\"55d88a5\" data-element_type=\"container\" data-e-type=\"container\" data-settings=\"{&quot;jet_parallax_layout_list&quot;:[]}\">\n\t\t\t\t<div class=\"elementor-element elementor-element-6f956cd dce_masking-none elementor-widget elementor-widget-image\" data-id=\"6f956cd\" data-element_type=\"widget\" data-e-type=\"widget\" data-widget_type=\"image.default\">\n\t\t\t\t<div class=\"elementor-widget-container\">\n\t\t\t\t\t\t\t\t\t\t\t\t\t\t\t<img fetchpriority=\"high\" decoding=\"async\" width=\"800\" height=\"600\" src=\"https:\/\/sogorbmac.com\/wp-content\/uploads\/2023\/10\/image-3-1-1024x768.webp\" class=\"attachment-large size-large wp-image-15890\" alt=\"\" srcset=\"https:\/\/sogorbmac.com\/wp-content\/uploads\/2023\/10\/image-3-1-1024x768.webp 1024w, https:\/\/sogorbmac.com\/wp-content\/uploads\/2023\/10\/image-3-1-300x225.webp 300w, https:\/\/sogorbmac.com\/wp-content\/uploads\/2023\/10\/image-3-1-768x576.webp 768w, https:\/\/sogorbmac.com\/wp-content\/uploads\/2023\/10\/image-3-1-1536x1152.webp 1536w, https:\/\/sogorbmac.com\/wp-content\/uploads\/2023\/10\/image-3-1-600x450.webp 600w, https:\/\/sogorbmac.com\/wp-content\/uploads\/2023\/10\/image-3-1.webp 2048w\" sizes=\"(max-width: 800px) 100vw, 800px\" \/>\t\t\t\t\t\t\t\t\t\t\t\t\t\t\t<\/div>\n\t\t\t\t<\/div>\n\t\t\t\t<\/div>\n\t\t\t\t\t<\/div>\n\t\t\t\t<\/div>\n\t\t<div class=\"elementor-element elementor-element-41046e6 e-flex e-con-boxed e-con e-parent\" data-id=\"41046e6\" data-element_type=\"container\" data-e-type=\"container\" data-settings=\"{&quot;jet_parallax_layout_list&quot;:[]}\">\n\t\t\t\t\t<div class=\"e-con-inner\">\n\t\t<div class=\"elementor-element elementor-element-f3681e7 e-con-full e-flex e-con e-child\" data-id=\"f3681e7\" data-element_type=\"container\" data-e-type=\"container\" data-settings=\"{&quot;jet_parallax_layout_list&quot;:[]}\">\n\t\t\t\t<div class=\"elementor-element elementor-element-526573c dce_masking-none elementor-widget elementor-widget-image\" data-id=\"526573c\" data-element_type=\"widget\" data-e-type=\"widget\" data-widget_type=\"image.default\">\n\t\t\t\t<div class=\"elementor-widget-container\">\n\t\t\t\t\t\t\t\t\t\t\t\t\t\t\t<img decoding=\"async\" width=\"800\" height=\"600\" src=\"https:\/\/sogorbmac.com\/wp-content\/uploads\/2023\/10\/image-4-1024x768.webp\" class=\"attachment-large size-large wp-image-15894\" alt=\"\" srcset=\"https:\/\/sogorbmac.com\/wp-content\/uploads\/2023\/10\/image-4-1024x768.webp 1024w, https:\/\/sogorbmac.com\/wp-content\/uploads\/2023\/10\/image-4-300x225.webp 300w, https:\/\/sogorbmac.com\/wp-content\/uploads\/2023\/10\/image-4-768x576.webp 768w, https:\/\/sogorbmac.com\/wp-content\/uploads\/2023\/10\/image-4-1536x1152.webp 1536w, https:\/\/sogorbmac.com\/wp-content\/uploads\/2023\/10\/image-4-600x450.webp 600w, https:\/\/sogorbmac.com\/wp-content\/uploads\/2023\/10\/image-4.webp 2048w\" sizes=\"(max-width: 800px) 100vw, 800px\" \/>\t\t\t\t\t\t\t\t\t\t\t\t\t\t\t<\/div>\n\t\t\t\t<\/div>\n\t\t\t\t<\/div>\n\t\t<div class=\"elementor-element elementor-element-fd9190b e-con-full e-flex e-con e-child\" data-id=\"fd9190b\" data-element_type=\"container\" data-e-type=\"container\" data-settings=\"{&quot;jet_parallax_layout_list&quot;:[]}\">\n\t\t\t\t<div class=\"elementor-element elementor-element-dee31ee elementor-widget elementor-widget-text-editor\" data-id=\"dee31ee\" data-element_type=\"widget\" data-e-type=\"widget\" data-widget_type=\"text-editor.default\">\n\t\t\t\t<div class=\"elementor-widget-container\">\n\t\t\t\t\t\t\t\t\t<p>La utilizaci\u00f3n de las nuevas tecnolog\u00edas de la comunicaci\u00f3n tiene para nuestra empresa una especial importancia ya que nos permite mantener una contacto constante, fluido y actualizado con nuestros clientes, agentes comerciales y p\u00fablico en general. Nuestra apuesta por la calidad no s\u00f3lo se limita a la calidad del producto en s\u00ed mismo, si no que va dirigida hacia todos los aspectos que intervienen en los procesos de fabricaci\u00f3n de nuestras m\u00e1quinas para la fabricaci\u00f3n de calzado.<\/p><p>Para ello, hemos acondicionado nuestras instalaciones de forma que nuestros empleados se sientan a gusto trabajando en ellas, lo que siempre derivar\u00e1 en una mejora de la calidad final.<\/p>\t\t\t\t\t\t\t\t<\/div>\n\t\t\t\t<\/div>\n\t\t\t\t<\/div>\n\t\t\t\t\t<\/div>\n\t\t\t\t<\/div>\n\t\t<div class=\"elementor-element elementor-element-32e7783 e-flex e-con-boxed e-con e-parent\" data-id=\"32e7783\" data-element_type=\"container\" data-e-type=\"container\" data-settings=\"{&quot;jet_parallax_layout_list&quot;:[]}\">\n\t\t\t\t\t<div class=\"e-con-inner\">\n\t\t<div class=\"elementor-element elementor-element-ce425cc e-con-full e-flex e-con e-child\" data-id=\"ce425cc\" data-element_type=\"container\" data-e-type=\"container\" data-settings=\"{&quot;jet_parallax_layout_list&quot;:[]}\">\n\t\t\t\t<div class=\"elementor-element elementor-element-124c7fd elementor-widget elementor-widget-text-editor\" data-id=\"124c7fd\" data-element_type=\"widget\" data-e-type=\"widget\" data-widget_type=\"text-editor.default\">\n\t\t\t\t<div class=\"elementor-widget-container\">\n\t\t\t\t\t\t\t\t\t<p>Por otro lado, el cuidado trato que ofrecemos a nuestros agentes comerciales les ayuda a realizar una mejor presentaci\u00f3n del producto a nuestros clientes finales. Por \u00faltimo, la seriedad de nuestra empresa en lo que a log\u00edstica de entregas y a servicios de atenci\u00f3n al cliente se refiere, cierran el c\u00edrculo de nuestro inter\u00e9s por una mejora constante de la calidad de productos y servicios.<\/p><p>Unas nuevas instalaciones de 2.800 m2, donde se sit\u00faa la planta de fabricaci\u00f3n, los almacenes de maquinaria de calzado y compresores de aire comprimido, sala de exposici\u00f3n de maquinaria nueva y rehabilitada, tienda y oficinas dan cobijo a la intensa actividad que se desarrolla en la firma de <strong>Elda<\/strong>.<\/p>\t\t\t\t\t\t\t\t<\/div>\n\t\t\t\t<\/div>\n\t\t\t\t<\/div>\n\t\t<div class=\"elementor-element elementor-element-3f4dcdc e-con-full e-flex e-con e-child\" data-id=\"3f4dcdc\" data-element_type=\"container\" data-e-type=\"container\" data-settings=\"{&quot;jet_parallax_layout_list&quot;:[]}\">\n\t\t\t\t<div class=\"elementor-element elementor-element-fb275da dce_masking-none elementor-widget elementor-widget-image\" data-id=\"fb275da\" data-element_type=\"widget\" data-e-type=\"widget\" data-widget_type=\"image.default\">\n\t\t\t\t<div class=\"elementor-widget-container\">\n\t\t\t\t\t\t\t\t\t\t\t\t\t\t\t<img decoding=\"async\" width=\"800\" height=\"600\" src=\"https:\/\/sogorbmac.com\/wp-content\/uploads\/2023\/10\/image-1-1-1024x768.webp\" class=\"attachment-large size-large wp-image-15898\" alt=\"\" srcset=\"https:\/\/sogorbmac.com\/wp-content\/uploads\/2023\/10\/image-1-1-1024x768.webp 1024w, https:\/\/sogorbmac.com\/wp-content\/uploads\/2023\/10\/image-1-1-300x225.webp 300w, https:\/\/sogorbmac.com\/wp-content\/uploads\/2023\/10\/image-1-1-768x576.webp 768w, https:\/\/sogorbmac.com\/wp-content\/uploads\/2023\/10\/image-1-1-1536x1152.webp 1536w, https:\/\/sogorbmac.com\/wp-content\/uploads\/2023\/10\/image-1-1-600x450.webp 600w, https:\/\/sogorbmac.com\/wp-content\/uploads\/2023\/10\/image-1-1.webp 2048w\" sizes=\"(max-width: 800px) 100vw, 800px\" \/>\t\t\t\t\t\t\t\t\t\t\t\t\t\t\t<\/div>\n\t\t\t\t<\/div>\n\t\t\t\t<\/div>\n\t\t\t\t\t<\/div>\n\t\t\t\t<\/div>\n\t\t<div class=\"elementor-element elementor-element-67f32cf e-flex e-con-boxed e-con e-parent\" data-id=\"67f32cf\" data-element_type=\"container\" data-e-type=\"container\" data-settings=\"{&quot;jet_parallax_layout_list&quot;:[]}\">\n\t\t\t\t\t<div class=\"e-con-inner\">\n\t\t<div class=\"elementor-element elementor-element-dcfb875 e-con-full e-flex e-con e-child\" data-id=\"dcfb875\" data-element_type=\"container\" data-e-type=\"container\" data-settings=\"{&quot;jet_parallax_layout_list&quot;:[]}\">\n\t\t\t\t<div class=\"elementor-element elementor-element-0e70c36 elementor-widget elementor-widget-text-editor\" data-id=\"0e70c36\" data-element_type=\"widget\" data-e-type=\"widget\" data-widget_type=\"text-editor.default\">\n\t\t\t\t<div class=\"elementor-widget-container\">\n\t\t\t\t\t\t\t\t\t<p>Somos distribuidores de la marca <strong>Bottarini &amp; Gardner-Denver<\/strong>, aut\u00e9nticos n\u00fameros uno en la fabricaci\u00f3n de <strong>Compresores de Aire comprimido<\/strong> en el mundo.<br \/>Realizamos la venta, Instalaci\u00f3n y mantenimiento de <strong>compresores y secadores de aire comprimido en Alicante, Valencia, Murcia y Albacete.<\/strong><\/p><p><strong>Sogorbmac, S.L.<\/strong> ofrece experiencia global con una capacidad real de servicio local, lo que asegura que nuestra avanzada e innovadora tecnolog\u00eda est\u00e1 respaldada por una asistencia plena.<\/p>\t\t\t\t\t\t\t\t<\/div>\n\t\t\t\t<\/div>\n\t\t\t\t<\/div>\n\t\t<div class=\"elementor-element elementor-element-bd3052d e-con-full e-flex e-con e-child\" data-id=\"bd3052d\" data-element_type=\"container\" data-e-type=\"container\" data-settings=\"{&quot;jet_parallax_layout_list&quot;:[]}\">\n\t\t\t\t<div class=\"elementor-element elementor-element-ba14461 dce_masking-none elementor-widget elementor-widget-image\" data-id=\"ba14461\" data-element_type=\"widget\" data-e-type=\"widget\" data-widget_type=\"image.default\">\n\t\t\t\t<div class=\"elementor-widget-container\">\n\t\t\t\t\t\t\t\t\t\t\t\t\t\t\t<img loading=\"lazy\" decoding=\"async\" width=\"800\" height=\"600\" src=\"https:\/\/sogorbmac.com\/wp-content\/uploads\/2023\/10\/image-2-scaled-1-1024x768.webp\" class=\"attachment-large size-large wp-image-15902\" alt=\"\" srcset=\"https:\/\/sogorbmac.com\/wp-content\/uploads\/2023\/10\/image-2-scaled-1-1024x768.webp 1024w, https:\/\/sogorbmac.com\/wp-content\/uploads\/2023\/10\/image-2-scaled-1-300x225.webp 300w, https:\/\/sogorbmac.com\/wp-content\/uploads\/2023\/10\/image-2-scaled-1-768x576.webp 768w, https:\/\/sogorbmac.com\/wp-content\/uploads\/2023\/10\/image-2-scaled-1-1536x1152.webp 1536w, https:\/\/sogorbmac.com\/wp-content\/uploads\/2023\/10\/image-2-scaled-1-2048x1536.webp 2048w, https:\/\/sogorbmac.com\/wp-content\/uploads\/2023\/10\/image-2-scaled-1-600x450.webp 600w\" sizes=\"(max-width: 800px) 100vw, 800px\" \/>\t\t\t\t\t\t\t\t\t\t\t\t\t\t\t<\/div>\n\t\t\t\t<\/div>\n\t\t\t\t<\/div>\n\t\t\t\t\t<\/div>\n\t\t\t\t<\/div>\n\t\t<div data-dce-background-image-url=\"https:\/\/sogorbmac.com\/wp-content\/uploads\/2023\/07\/Recurso-10-1.webp\" class=\"elementor-element elementor-element-aeb2b79 e-flex e-con-boxed e-con e-parent\" data-id=\"aeb2b79\" data-element_type=\"container\" data-e-type=\"container\" data-settings=\"{&quot;background_background&quot;:&quot;classic&quot;,&quot;jet_parallax_layout_list&quot;:[]}\">\n\t\t\t\t\t<div class=\"e-con-inner\">\n\t\t\t\t<div data-dce-title-color=\"#FFFFFF\" class=\"elementor-element elementor-element-8b515df elementor-widget__width-initial elementor-widget elementor-widget-heading\" data-id=\"8b515df\" data-element_type=\"widget\" data-e-type=\"widget\" data-widget_type=\"heading.default\">\n\t\t\t\t<div class=\"elementor-widget-container\">\n\t\t\t\t\t<h2 class=\"elementor-heading-title elementor-size-default\">Sogorbmac, S.L. Comprometidos con el Medio Ambiente<\/h2>\t\t\t\t<\/div>\n\t\t\t\t<\/div>\n\t\t\t\t<div class=\"elementor-element elementor-element-d2d019e elementor-widget elementor-widget-text-editor\" data-id=\"d2d019e\" data-element_type=\"widget\" data-e-type=\"widget\" data-widget_type=\"text-editor.default\">\n\t\t\t\t<div class=\"elementor-widget-container\">\n\t\t\t\t\t\t\t\t\t<p>Actualmente, no todo vale en el mundo de hoy en d\u00eda. Hay valores que deben defenderse y existe un mundo que respetar. Sogorbmac, S.L. as\u00ed lo entiende y apuesta por unas instalaciones ecol\u00f3gicamente sostenibles porque esa es la mejor forma de dejar un mundo saludable a las pr\u00f3ximas generaciones.<\/p>\n<p>Un mundo en el que seguir disfrutando del medio ambiente gracias al uso de materiales reciclados que buscan que la salud del planeta no empeore.<\/p>\n<p>Siendo la comunidad Valenciana una de las regiones europeas m\u00e1s afectadas por el cambio clim\u00e1tico, nuestra misi\u00f3n en Sogorbmac, S.L. es convertir esta amenaza en una oportunidad al desarrollar nuestra empresa y nuestros productos, siguiendo criterios de sostenibilidad medio ambiental entre los que tambien se encuentra el uso de energ\u00eda solar fotovoltaica para el abastecimiento de nuestras propias instalaciones productivas.<\/p>\n\t\t\t\t\t\t\t\t<\/div>\n\t\t\t\t<\/div>\n\t\t\t\t\t<\/div>\n\t\t\t\t<\/div>\n\t\t\t\t<\/div>\n\t\t","protected":false},"excerpt":{"rendered":"<p>Nosotros M\u00e1s de treinta a\u00f1os de experiencia al servicio de la industria. Sogorbmac, S.L., cuenta con treinta a\u00f1os de experiencia en el sector de la mano de sus fundadores y actuales gerentes. Comenzando como una empresa familiar, la constancia en el trabajo durante todos estos a\u00f1os, as\u00ed como su empe\u00f1o en aplicar mejoras a las [&hellip;]<\/p>\n","protected":false},"author":1,"featured_media":0,"parent":0,"menu_order":0,"comment_status":"closed","ping_status":"closed","template":"","meta":{"footnotes":""},"class_list":["post-15066","page","type-page","status-publish","hentry"],"yoast_head":"<!-- This site is optimized with the Yoast SEO plugin v27.1.1 - https:\/\/yoast.com\/product\/yoast-seo-wordpress\/ -->\n<title>Nosotros - sogorbmac<\/title>\n<meta name=\"description\" content=\"Nosotros, Sogorbmac, contamos con treinta a\u00f1os de experiencia. Una empresa referente en la fabricaci\u00f3n de maquinaria para calzado.\" \/>\n<meta name=\"robots\" content=\"index, follow, max-snippet:-1, max-image-preview:large, max-video-preview:-1\" \/>\n<link rel=\"canonical\" href=\"https:\/\/sogorbmac.com\/about\/\" \/>\n<meta property=\"og:locale\" content=\"en_US\" \/>\n<meta property=\"og:type\" content=\"article\" \/>\n<meta property=\"og:title\" content=\"Nosotros - sogorbmac\" \/>\n<meta property=\"og:description\" content=\"Nosotros, Sogorbmac, contamos con treinta a\u00f1os de experiencia. Una empresa referente en la fabricaci\u00f3n de maquinaria para calzado.\" \/>\n<meta property=\"og:url\" content=\"https:\/\/sogorbmac.com\/about\/\" \/>\n<meta property=\"og:site_name\" content=\"sogorbmac\" \/>\n<meta property=\"article:modified_time\" content=\"2023-10-31T15:52:09+00:00\" \/>\n<meta property=\"og:image\" content=\"https:\/\/sogorbmac.com\/wp-content\/uploads\/2023\/10\/image-3-1-1024x768.webp\" \/>\n<meta name=\"twitter:card\" content=\"summary_large_image\" \/>\n<meta name=\"twitter:label1\" content=\"Est. reading time\" \/>\n\t<meta name=\"twitter:data1\" content=\"4 minutes\" \/>\n<script type=\"application\/ld+json\" class=\"yoast-schema-graph\">{\"@context\":\"https:\/\/schema.org\",\"@graph\":[{\"@type\":\"WebPage\",\"@id\":\"https:\/\/sogorbmac.com\/about\/\",\"url\":\"https:\/\/sogorbmac.com\/about\/\",\"name\":\"Nosotros - sogorbmac\",\"isPartOf\":{\"@id\":\"https:\/\/sogorbmac.com\/#website\"},\"primaryImageOfPage\":{\"@id\":\"https:\/\/sogorbmac.com\/about\/#primaryimage\"},\"image\":{\"@id\":\"https:\/\/sogorbmac.com\/about\/#primaryimage\"},\"thumbnailUrl\":\"https:\/\/sogorbmac.com\/wp-content\/uploads\/2023\/10\/image-3-1-1024x768.webp\",\"datePublished\":\"2023-07-12T10:12:28+00:00\",\"dateModified\":\"2023-10-31T15:52:09+00:00\",\"description\":\"Nosotros, Sogorbmac, contamos con treinta a\u00f1os de experiencia. Una empresa referente en la fabricaci\u00f3n de maquinaria para calzado.\",\"breadcrumb\":{\"@id\":\"https:\/\/sogorbmac.com\/about\/#breadcrumb\"},\"inLanguage\":\"en-US\",\"potentialAction\":[{\"@type\":\"ReadAction\",\"target\":[\"https:\/\/sogorbmac.com\/about\/\"]}]},{\"@type\":\"ImageObject\",\"inLanguage\":\"en-US\",\"@id\":\"https:\/\/sogorbmac.com\/about\/#primaryimage\",\"url\":\"https:\/\/sogorbmac.com\/wp-content\/uploads\/2023\/10\/image-3-1-1024x768.webp\",\"contentUrl\":\"https:\/\/sogorbmac.com\/wp-content\/uploads\/2023\/10\/image-3-1-1024x768.webp\"},{\"@type\":\"BreadcrumbList\",\"@id\":\"https:\/\/sogorbmac.com\/about\/#breadcrumb\",\"itemListElement\":[{\"@type\":\"ListItem\",\"position\":1,\"name\":\"Portada\",\"item\":\"https:\/\/sogorbmac.com\/en\/\"},{\"@type\":\"ListItem\",\"position\":2,\"name\":\"Nosotros\"}]},{\"@type\":\"WebSite\",\"@id\":\"https:\/\/sogorbmac.com\/#website\",\"url\":\"https:\/\/sogorbmac.com\/\",\"name\":\"sogorbmac\",\"description\":\"\",\"publisher\":{\"@id\":\"https:\/\/sogorbmac.com\/#organization\"},\"potentialAction\":[{\"@type\":\"SearchAction\",\"target\":{\"@type\":\"EntryPoint\",\"urlTemplate\":\"https:\/\/sogorbmac.com\/?s={search_term_string}\"},\"query-input\":{\"@type\":\"PropertyValueSpecification\",\"valueRequired\":true,\"valueName\":\"search_term_string\"}}],\"inLanguage\":\"en-US\"},{\"@type\":\"Organization\",\"@id\":\"https:\/\/sogorbmac.com\/#organization\",\"name\":\"sogorbmac\",\"url\":\"https:\/\/sogorbmac.com\/\",\"logo\":{\"@type\":\"ImageObject\",\"inLanguage\":\"en-US\",\"@id\":\"https:\/\/sogorbmac.com\/#\/schema\/logo\/image\/\",\"url\":\"https:\/\/sogorbmac.com\/wp-content\/uploads\/2023\/06\/logo-sogorbmac.webp\",\"contentUrl\":\"https:\/\/sogorbmac.com\/wp-content\/uploads\/2023\/06\/logo-sogorbmac.webp\",\"width\":440,\"height\":175,\"caption\":\"sogorbmac\"},\"image\":{\"@id\":\"https:\/\/sogorbmac.com\/#\/schema\/logo\/image\/\"}}]}<\/script>\n<!-- \/ Yoast SEO plugin. -->","yoast_head_json":{"title":"Nosotros - sogorbmac","description":"Nosotros, Sogorbmac, contamos con treinta a\u00f1os de experiencia. Una empresa referente en la fabricaci\u00f3n de maquinaria para calzado.","robots":{"index":"index","follow":"follow","max-snippet":"max-snippet:-1","max-image-preview":"max-image-preview:large","max-video-preview":"max-video-preview:-1"},"canonical":"https:\/\/sogorbmac.com\/about\/","og_locale":"en_US","og_type":"article","og_title":"Nosotros - sogorbmac","og_description":"Nosotros, Sogorbmac, contamos con treinta a\u00f1os de experiencia. Una empresa referente en la fabricaci\u00f3n de maquinaria para calzado.","og_url":"https:\/\/sogorbmac.com\/about\/","og_site_name":"sogorbmac","article_modified_time":"2023-10-31T15:52:09+00:00","og_image":[{"url":"https:\/\/sogorbmac.com\/wp-content\/uploads\/2023\/10\/image-3-1-1024x768.webp","type":"","width":"","height":""}],"twitter_card":"summary_large_image","twitter_misc":{"Est. reading time":"4 minutes"},"schema":{"@context":"https:\/\/schema.org","@graph":[{"@type":"WebPage","@id":"https:\/\/sogorbmac.com\/about\/","url":"https:\/\/sogorbmac.com\/about\/","name":"Nosotros - sogorbmac","isPartOf":{"@id":"https:\/\/sogorbmac.com\/#website"},"primaryImageOfPage":{"@id":"https:\/\/sogorbmac.com\/about\/#primaryimage"},"image":{"@id":"https:\/\/sogorbmac.com\/about\/#primaryimage"},"thumbnailUrl":"https:\/\/sogorbmac.com\/wp-content\/uploads\/2023\/10\/image-3-1-1024x768.webp","datePublished":"2023-07-12T10:12:28+00:00","dateModified":"2023-10-31T15:52:09+00:00","description":"Nosotros, Sogorbmac, contamos con treinta a\u00f1os de experiencia. Una empresa referente en la fabricaci\u00f3n de maquinaria para calzado.","breadcrumb":{"@id":"https:\/\/sogorbmac.com\/about\/#breadcrumb"},"inLanguage":"en-US","potentialAction":[{"@type":"ReadAction","target":["https:\/\/sogorbmac.com\/about\/"]}]},{"@type":"ImageObject","inLanguage":"en-US","@id":"https:\/\/sogorbmac.com\/about\/#primaryimage","url":"https:\/\/sogorbmac.com\/wp-content\/uploads\/2023\/10\/image-3-1-1024x768.webp","contentUrl":"https:\/\/sogorbmac.com\/wp-content\/uploads\/2023\/10\/image-3-1-1024x768.webp"},{"@type":"BreadcrumbList","@id":"https:\/\/sogorbmac.com\/about\/#breadcrumb","itemListElement":[{"@type":"ListItem","position":1,"name":"Portada","item":"https:\/\/sogorbmac.com\/en\/"},{"@type":"ListItem","position":2,"name":"Nosotros"}]},{"@type":"WebSite","@id":"https:\/\/sogorbmac.com\/#website","url":"https:\/\/sogorbmac.com\/","name":"sogorbmac","description":"","publisher":{"@id":"https:\/\/sogorbmac.com\/#organization"},"potentialAction":[{"@type":"SearchAction","target":{"@type":"EntryPoint","urlTemplate":"https:\/\/sogorbmac.com\/?s={search_term_string}"},"query-input":{"@type":"PropertyValueSpecification","valueRequired":true,"valueName":"search_term_string"}}],"inLanguage":"en-US"},{"@type":"Organization","@id":"https:\/\/sogorbmac.com\/#organization","name":"sogorbmac","url":"https:\/\/sogorbmac.com\/","logo":{"@type":"ImageObject","inLanguage":"en-US","@id":"https:\/\/sogorbmac.com\/#\/schema\/logo\/image\/","url":"https:\/\/sogorbmac.com\/wp-content\/uploads\/2023\/06\/logo-sogorbmac.webp","contentUrl":"https:\/\/sogorbmac.com\/wp-content\/uploads\/2023\/06\/logo-sogorbmac.webp","width":440,"height":175,"caption":"sogorbmac"},"image":{"@id":"https:\/\/sogorbmac.com\/#\/schema\/logo\/image\/"}}]}},"_links":{"self":[{"href":"https:\/\/sogorbmac.com\/en\/wp-json\/wp\/v2\/pages\/15066","targetHints":{"allow":["GET"]}}],"collection":[{"href":"https:\/\/sogorbmac.com\/en\/wp-json\/wp\/v2\/pages"}],"about":[{"href":"https:\/\/sogorbmac.com\/en\/wp-json\/wp\/v2\/types\/page"}],"author":[{"embeddable":true,"href":"https:\/\/sogorbmac.com\/en\/wp-json\/wp\/v2\/users\/1"}],"replies":[{"embeddable":true,"href":"https:\/\/sogorbmac.com\/en\/wp-json\/wp\/v2\/comments?post=15066"}],"version-history":[{"count":26,"href":"https:\/\/sogorbmac.com\/en\/wp-json\/wp\/v2\/pages\/15066\/revisions"}],"predecessor-version":[{"id":15907,"href":"https:\/\/sogorbmac.com\/en\/wp-json\/wp\/v2\/pages\/15066\/revisions\/15907"}],"wp:attachment":[{"href":"https:\/\/sogorbmac.com\/en\/wp-json\/wp\/v2\/media?parent=15066"}],"curies":[{"name":"wp","href":"https:\/\/api.w.org\/{rel}","templated":true}]}}